{"id":3634,"date":"2016-06-16T10:58:55","date_gmt":"2016-06-16T09:58:55","guid":{"rendered":"http:\/\/www.tehnomarket.com\/novi\/?page_id=3634"},"modified":"2026-02-23T12:39:22","modified_gmt":"2026-02-23T11:39:22","slug":"larson","status":"publish","type":"page","link":"https:\/\/tehnomarket.com\/novi?page_id=3634","title":{"rendered":"Larson"},"content":{"rendered":"<h2><span style=\"color: #003366;\">Larson\u00ae<\/span> kompozitni paneli<\/h2>\n<p>Kao proizvod izuzetnog kvaliteta, brend Larson\u00ae je sinonim za kompozitne panele premium kategorije, atestirane na svim evropskim i relevantnim svetskim tr\u017ei\u0161tima. Ovaj proizvod je rado prihva\u0107en, kako kod arhitekata, dizajnera i investitora, tako i kod izvo\u0111a\u010da fasada zbog svoje atraktivnosti i jednostavnosti obrade i ugradnje i predstavlja odli\u010dno re\u0161enje za fasade u modernoj arhitekturi.<\/p>\n<p>Paneli se sastoje od dva sloja lima sa <strong>polietilenskom (PE) ili mineralnom ispunom (FR-B ili FR-A2)<\/strong> visokog stepena vatro-otpornosti, razvijenom tako da ispunjava najstro\u017ee evropske i svetske standarde propisane od strane renomiranih instituta. Prema kategorizaciji, Larson\u00ae fr paneli zadovoljavaju klasu <strong>B-s1,d0<\/strong> , a Larson\u00ae A2 zadovoljavaju klasu <strong>A2-s1,d0<\/strong> \u00a0u skladu sa evropskim standardom EN 13501-1, a potvr\u0111eno i od strane doma\u0107eg IMS instituta.<\/p>\n<p>Primenom najkvalitetnijih povr\u0161inskih za\u0161tita (izuzev PE \u2013 Polyester boja), posti\u017ee se izuzetan nivo UV otpornosti i postojanosti boje u eksterijeru, pa \u010dak i u agresivnim sredinama, kao \u0161to su priobalje i industrijske zone. Sloj boje u debljini od 31\u03bcm, svakako izdvaja ovaj brend i Alucoil kao jednog od vode\u0107ih proizvo\u0111a\u010da na tr\u017ei\u0161tu aluminijumskih kompozitnih panela u svetu.<\/p>\n<p>Zahvaljuju\u0107i najnaprednijem tehnolo\u0161kom procesu proizvodnje i za\u0161ti\u0107enoj specijalnoj formuli, u sloju izme\u0111u aluminijumskog lima i jezgra panela je ostvarena izuzetna vezivna sila, koje je, prema testiranjima, \u010dak i duplo ve\u0107a od standardima propisane.<\/p>\n<p>&nbsp;<\/p>\n<p><center><img loading=\"lazy\" decoding=\"async\" class=\"alignnone size-full wp-image-1173\" src=\"https:\/\/www.tehnomarket.com\/novi\/wp-content\/uploads\/2014\/07\/larsonpresek.jpg\" alt=\"full width nova\" width=\"650\" height=\"316\" \/><center><\/center><\/center>&nbsp;<\/p>\n<h2 style=\"text-align: left;\"><span style=\"color: #003366;\">Larson\u00ae<\/span> aluminijumski kompozitni paneli<\/h2>\n<p>Ostavljajuj\u0107i iza sebe hiljade zadovoljnih klijenata \u0161irom sveta, sa proizvodnim centrima na vi\u0161e kontinenata, Larson je postao prepoznatljivo ime u svetu kompozitnih panela. Larson aluminijumski kompozitni paneli predstavljaju proizvod izuzetnog kvaliteta, izra\u0111en po najsavremenijim svetskim standardima. Proizvode se u debljinama 3mm, 4mm i 6mm sa debljinom limova od 0,5mm, u standardnim \u0161irinama 1000mm, 1250mm i 1500mm i u standardnim du\u017einama od 2000 do 8000mm. Zbog svoje atraktivnosti, jednostavnosti obrade i ugradnje, predstavlja odli\u010dno re\u0161enje za najkompleksnije zahteve moderne arhitekture.<\/p>\n<p><center><img decoding=\"async\" src=\"https:\/\/www.tehnomarket.com\/novi\/wp-content\/uploads\/2014\/07\/larsontab.jpg\" \/><\/center>&nbsp;<\/p>\n<p>Paneli su dostupni u naj\u0161irem spektru boja i specifi\u010dnih dezena. Odlikuju se legurom aluminijumskog lima 5005 i povr\u0161inskom za\u0161titom visokog kvaliteta:<\/p>\n<p>\u2013 PVdF (Polyvinylidene Fluoride) boje u 2 sloja 70% Kynar 500 sa specijalnim prajmerom u debljini 31\u03bc namenjenom za primenu u priobalnom podru\u010dju i drugim agresivnim sredinama<br \/>\n\u2013 PVdF boje u 3 sloja u debljini 37\u03bc<br \/>\n\u2026kao i drugim za\u0161titama boja FEVE (Fluoroethylene\/vinyl ether copolymer), PUR-PA (Polyurethane Polyamide), HQPE (High quality Polyethylene), Lumiflon (Fluor Polymer), PE (Polyester), PVC (Polyvinyl chloride).<\/p>\n<p style=\"text-align: justify;\"><a href=\"http:\/\/www.tehnomarket.rs\/novi\/katalozi\/PDF\/larson\/colourchart.pdf\"><span style=\"color: #003366;\"><strong>Preuzmite osnovnu Larson&amp;Larcore ton kartu: <em>Solid, Metallic<\/em> tonovi<\/strong><\/span><\/a><\/p>\n<p style=\"text-align: justify;\"><span style=\"color: #ff6600;\">Larson\u00ae Specials<\/span> i <span style=\"color: #ff6600;\">Larson\u00ae Wood<\/span> su posebne serije kompozitnih panela koje svojim dizajnom, u odnosu na standardne solid i metalik boje, imaju za cilj isticanje fasade ili segmenta na fasadi na veoma efektan na\u010din. Paneli su dostupni u PVdF, FEVE (Fluoroethylene\/vinyl ether copolymer), PUR-PA, HQPE, Lumiflon i PE povr\u0161inskim za\u0161titama.<\/p>\n<p style=\"text-align: justify;\"><strong style=\"color: #003366;\"><a style=\"color: #003366;\" href=\"http:\/\/www.tehnomarket.rs\/novi\/katalozi\/PDF\/larson\/illusions2019.pdf\">Preuzmite ton kartu specijalnih dezena: Holo, Anodized, Texture<\/a><\/strong><strong style=\"color: #003366;\"> &amp;Designed, Metals<\/strong><\/p>\n<p style=\"text-align: justify;\"><span style=\"color: #ff6600;\"><strong>Larson\u00ae Wood<\/strong><\/span> je serija kompozitnih panela sa drvnim dezenom. Predstavlja najbolju estetsku zamenu za prirodno drvo, koje zahteva intenzivno odr\u017eavanje.<\/p>\n<p style=\"text-align: justify;\"><span style=\"color: #ff6600;\"><strong>Larson\u00ae Holo<\/strong><\/span> paneli izdvajaju se\u00a0svojom sposobno\u0161\u0107u da iz razli\u010ditih uglova posmatranja izgledaju druga\u010dije. Tako\u0111e poznati i kao \u201ekameleon\u201c, \u201ePrismatic\u201c ili \u201eSpectra\u201c paneli.<\/p>\n<p style=\"text-align: justify;\"><span style=\"color: #ff6600;\"><strong>Larson\u00ae Anodized<\/strong><\/span> je serija kompozitnih panela sa licem od eloksiranih aluminijumskih limova, a s obzirom da poseduje najve\u0107i stepen otpornosti na spolja\u0161nje uticaje, predstavlja najbolje re\u0161enje za agresivne sredine \u2013 priobalje i industrijske zone.<\/p>\n<p><span style=\"color: #ff6600;\"><strong>Larson\u00ae Anodized Look<\/strong><\/span>\u00a0je serija kompozitnih panela sa licem bojenim\/toniranim tako da se posti\u017ee efekat eloksiranih aluminijumskih limova, a s obzirom da su bojeni tonovi povoljniji i ujedna\u010deniji od prirodne eloksa\u017ee, \u010desto su prihva\u0107eni kao zamenska opcija Anodized serije.<\/p>\n<p><span style=\"color: #ff6600;\"><strong>Larson\u00ae Alunatural <\/strong><\/span>je serija fini\u0161a koja koristi aluminijumski lim i njegovu \u010detkanu ili bru\u0161enu povr\u0161inu uz razli\u010dit tonalni tretman koji daje druga\u010dije efekte.<\/p>\n<p><span style=\"color: #ff6600;\"><strong>Larson\u00ae Texture&amp;Design <\/strong><\/span>je serija sa reljefnom strukturom na povr\u0161ini panela koja se posti\u017ee razli\u010ditim nanosima i tehnologijom boje i predstavlja vrlo atraktivno re\u0161enje za napredne dizajnerske zahteve. Tu su imitacije razli\u010ditih patiniranih metala, imitacije drvnih dezena<strong><a href=\"http:\/\/www.tehnomarket.rs\/novi\/katalozi\/PDF\/larson\/colourchartwood.pdf\"><span style=\"color: #ff6600;\"> Design Wood<\/span><\/a>, <\/strong>a kod ve\u0107ine je zbog prethodno opisane tehnologije bojenja mogu\u0107e osetiti i razli\u010ditu reljefnu strukturu dodirom.<\/p>\n<p><span style=\"color: #ff6600;\"><strong>Larson\u00ae Metals Range <\/strong><\/span>predstavlja seriju kompozitnih panela proizvedenih od drugih metala kao \u0161to su cink, bakar, ner\u0111aju\u0107i \u010delik i mesing. Ovi kompozitni paneli su savremeno ekolo\u0161ko re\u0161enje koje isti\u010de estetski do\u017eivaljaj izabranog metala i pru\u017ea fasadama da menjaju svoj izgled starenjem i prirodnim promenama pomenutih metala. Dostupni su kao bru\u0161eni ili sa svojom prirodnom povr\u0161inskom strukturom.<\/p>\n<p style=\"text-align: justify;\">Larson\u00ae kompozitni paneli se vrlo lako obra\u0111uju. Kao obloga se na fasadu mogu montirati u vidu ravnih panela, kaseta ili nepravilnih formi, \u0161to zahteva prethodnu obradu, koja podrazumeva: perforiranje, isecanje, bu\u0161enje, rolovanje, graviranje i niz ostalih postupaka.<\/p>\n<p><center><img decoding=\"async\" src=\"https:\/\/www.tehnomarket.com\/novi\/wp-content\/uploads\/2014\/07\/lar.jpg\" \/><center><\/center><\/center><br \/>\nAlucoil je jedini proizvo\u0111a\u010d koji garantuje postojanost veze izme\u0111u slojeva u kompozitnom panelu nakon perforiranja za <strong>Larson\u00aepe i Larson\u00aefr<\/strong> , bilo da se paneli obra\u0111uju na CNC ma\u0161ini ili prosecanje vr\u0161i izbijanjem pod pritiskom. Nakon analize od strane stru\u010dnjaka, Alucoil je spreman da izda garanciju \u010dak do 10 godina, pod uslovom da je ispo\u0161tovana data preporuka na prirodu i koli\u010dinu perforacije i da je panel proizveden od strane Alucoil-a.<\/p>\n<p style=\"text-align: justify;\">Bilo da su Larson paneli pripremljeni za ugradnju u vidu kaseta ili ravnih plo\u010da, mogu se montirati na aluminijumsku podkonstrukciju prema izboru iz sistema <a href=\"https:\/\/www.tehnomarket.com\/novi\/?page_id=90\"><strong><span style=\"color: #ff0000;\">Tehnomarket VENT.<\/span><\/strong><\/a><\/p>\n","protected":false},"excerpt":{"rendered":"<p>Larson\u00ae kompozitni paneli Kao proizvod izuzetnog kvaliteta, brend Larson\u00ae je sinonim za kompozitne panele premium kategorije, atestirane na svim evropskim i relevantnim svetskim tr\u017ei\u0161tima. Ovaj proizvod je rado prihva\u0107en, kako kod arhitekata, dizajnera i investitora, tako i kod izvo\u0111a\u010da fasada [&hellip;]<\/p>\n","protected":false},"author":4,"featured_media":0,"parent":0,"menu_order":0,"comment_status":"closed","ping_status":"closed","template":"full_width.php","meta":{"footnotes":""},"class_list":["post-3634","page","type-page","status-publish","hentry"],"_links":{"self":[{"href":"https:\/\/tehnomarket.com\/novi\/index.php?rest_route=\/wp\/v2\/pages\/3634","targetHints":{"allow":["GET"]}}],"collection":[{"href":"https:\/\/tehnomarket.com\/novi\/index.php?rest_route=\/wp\/v2\/pages"}],"about":[{"href":"https:\/\/tehnomarket.com\/novi\/index.php?rest_route=\/wp\/v2\/types\/page"}],"author":[{"embeddable":true,"href":"https:\/\/tehnomarket.com\/novi\/index.php?rest_route=\/wp\/v2\/users\/4"}],"replies":[{"embeddable":true,"href":"https:\/\/tehnomarket.com\/novi\/index.php?rest_route=%2Fwp%2Fv2%2Fcomments&post=3634"}],"version-history":[{"count":5,"href":"https:\/\/tehnomarket.com\/novi\/index.php?rest_route=\/wp\/v2\/pages\/3634\/revisions"}],"predecessor-version":[{"id":6846,"href":"https:\/\/tehnomarket.com\/novi\/index.php?rest_route=\/wp\/v2\/pages\/3634\/revisions\/6846"}],"wp:attachment":[{"href":"https:\/\/tehnomarket.com\/novi\/index.php?rest_route=%2Fwp%2Fv2%2Fmedia&parent=3634"}],"curies":[{"name":"wp","href":"https:\/\/api.w.org\/{rel}","templated":true}]}}