{"id":3744,"date":"2016-07-09T12:46:45","date_gmt":"2016-07-09T11:46:45","guid":{"rendered":"http:\/\/www.tehnomarket.com\/novi\/?page_id=3744"},"modified":"2026-02-23T12:39:24","modified_gmt":"2026-02-23T11:39:24","slug":"signi","status":"publish","type":"page","link":"https:\/\/tehnomarket.com\/novi?page_id=3744","title":{"rendered":"Signi"},"content":{"rendered":"<h2><span style=\"color: #003366;\">Signi\u00ae<\/span> kompozitni paneli<\/h2>\n<p style=\"text-align: justify;\"><strong><span style=\"color: #003366;\">Signi\u00ae<\/span><\/strong> paneli su kompoziti namenjenim posebnoj kategoriji korisnika, u polju reklamne industrije, specijalnih enterijerskih zahteva pa \u010dak i industriji name\u0161taja. Alucoil je ovom vrstom panela, sa mogu\u0107no\u0161\u0107u velikog broja varijacija u proizvodnji, tr\u017ei\u0161tu ponudio re\u0161enja za veoma zahtevne ideje u domenu reklama, signalizacije i akcentovanja.<\/p>\n<p><center><img loading=\"lazy\" decoding=\"async\" class=\"alignnone size-full wp-image-1173\" src=\"https:\/\/www.tehnomarket.com\/novi\/wp-content\/uploads\/2014\/07\/signipresek.jpg\" alt=\"full width nova\" width=\"650\" height=\"316\" \/><center><\/center><\/center>&nbsp;<\/p>\n<p style=\"text-align: justify;\"><strong><span style=\"color: #003366;\">Varijacije se uglavnom odnose na kombinacije mogu\u0107ih:<\/span><\/strong><\/p>\n<p style=\"text-align: justify;\">&#8211; debljina panela od 2mm, 3mm i 4mm,<br \/>\n&#8211; debljina aluminijumskih limova (legure serije 3000) od 0,2 i 0,3mm<br \/>\n&#8211; razli\u010ditih ispuna od polietilena i mineralne FR-B ispune,<br \/>\n&#8211; razli\u010ditih kvaliteta povr\u0161inskih za\u0161tita\/boja: naj\u010de\u0161\u0107e poliesterske (Polyester 25 \u00b5m), ali po sepcijalnom zahtevu i PVDF, HQP i druge<\/p>\n<p>&nbsp;<\/p>\n<p><center><img decoding=\"async\" src=\"https:\/\/www.tehnomarket.com\/novi\/wp-content\/uploads\/2014\/07\/signitab.jpg\" \/><\/center><\/p>\n<p style=\"text-align: justify;\">\u0160to se ti\u010de namene panela <strong><span style=\"color: #003366;\">Signi\u00ae<\/span><\/strong> u gra\u0111evinarstvu, prete\u017eno su to u pitanju enterijerske pozicije: za pregrade, spu\u0161tene plafone, signalizaciju, razne maske za ventilacione i grejne sisteme, op\u0161ivke, nadstre\u0161nice i sl.<br \/>\nNjihova glavna odlika je lako\u0107a samih panela, ali i jednostavna i veoma laka obrada i oblikovanje, \u0161to otvara vrata za ostvarenje mnogih dizajnerskih poduhvata. Zahvaljuju\u0107i tome mnoge poznate kompanije u svetu su dale poverenje Alucoil-u i proizvodu Signi\u00ae u realizaciji prepoznatljivog korporativnog identiteta.<\/p>\n<p style=\"text-align: justify;\">Svojim performansama <strong><span style=\"color: #003366;\">Signi\u00ae<\/span><\/strong> je omogu\u0107io velikom broju marketing timova izradu bezbroj: totema, reklama, sajamskih \u0161tandova, displeja, signalnih obele\u017eja, a neke od najpoznatijih <a href=\"http:\/\/www.tehnomarket.rs\/novi\/katalozi\/PDF\/larson\/signibrochure.pdf\"><strong>mo\u017eete pogledati ovde.<\/strong><\/a><\/p>\n<p style=\"text-align: justify;\">Za detaljniji pregled tehni\u010dkih specifi\u010dnosti <strong><span style=\"color: #003366;\">Signi\u00ae<\/span><\/strong> panela <a href=\"http:\/\/www.tehnomarket.rs\/novi\/katalozi\/PDF\/larson\/signitechnical.pdf\"><strong>preuzmite tehni\u010dke specifikacije.<\/strong><\/a><\/p>\n<p style=\"text-align: justify;\">Uz odabir <strong><span style=\"color: #003366;\">Signi\u00ae<\/span><\/strong> panela, Tehnomarket \u0107e pru\u017eiti mogu\u0107nost obrade na svojim CNC i rolo ma\u0161inama, a i dati Vam tehni\u010dko-savetodavnu podr\u0161ku vezanu za izbor sistema <a href=\"http:\/\/www.tehnomarket.rs\/novi\/katalozi\/PDF\/prozori_i_vrata\/TMH\/tmh45brosura.pdf\"><strong>TMH45<\/strong><\/a>, ili <a href=\"http:\/\/www.tehnomarket.rs\/novi\/katalozi\/PDF\/prozori_i_vrata\/SLIDE\/slidebrosurasrb.pdf\"><strong>SLIDE<\/strong><\/a>, ukoliko je namena ovih panela u okviru enterijerskih pozicija.<\/p>\n<p><center><img decoding=\"async\" src=\"https:\/\/www.tehnomarket.com\/novi\/wp-content\/uploads\/2014\/07\/signitraka.jpg\" \/><center><\/center><\/center><\/p>\n","protected":false},"excerpt":{"rendered":"<p>Signi\u00ae kompozitni paneli Signi\u00ae paneli su kompoziti namenjenim posebnoj kategoriji korisnika, u polju reklamne industrije, specijalnih enterijerskih zahteva pa \u010dak i industriji name\u0161taja. Alucoil je ovom vrstom panela, sa mogu\u0107no\u0161\u0107u velikog broja varijacija u proizvodnji, tr\u017ei\u0161tu ponudio re\u0161enja za veoma [&hellip;]<\/p>\n","protected":false},"author":4,"featured_media":0,"parent":0,"menu_order":0,"comment_status":"closed","ping_status":"closed","template":"full_width.php","meta":{"footnotes":""},"class_list":["post-3744","page","type-page","status-publish","hentry"],"_links":{"self":[{"href":"https:\/\/tehnomarket.com\/novi\/index.php?rest_route=\/wp\/v2\/pages\/3744","targetHints":{"allow":["GET"]}}],"collection":[{"href":"https:\/\/tehnomarket.com\/novi\/index.php?rest_route=\/wp\/v2\/pages"}],"about":[{"href":"https:\/\/tehnomarket.com\/novi\/index.php?rest_route=\/wp\/v2\/types\/page"}],"author":[{"embeddable":true,"href":"https:\/\/tehnomarket.com\/novi\/index.php?rest_route=\/wp\/v2\/users\/4"}],"replies":[{"embeddable":true,"href":"https:\/\/tehnomarket.com\/novi\/index.php?rest_route=%2Fwp%2Fv2%2Fcomments&post=3744"}],"version-history":[{"count":1,"href":"https:\/\/tehnomarket.com\/novi\/index.php?rest_route=\/wp\/v2\/pages\/3744\/revisions"}],"predecessor-version":[{"id":6790,"href":"https:\/\/tehnomarket.com\/novi\/index.php?rest_route=\/wp\/v2\/pages\/3744\/revisions\/6790"}],"wp:attachment":[{"href":"https:\/\/tehnomarket.com\/novi\/index.php?rest_route=%2Fwp%2Fv2%2Fmedia&parent=3744"}],"curies":[{"name":"wp","href":"https:\/\/api.w.org\/{rel}","templated":true}]}}