{"id":4400,"date":"2018-01-23T15:18:08","date_gmt":"2018-01-23T14:18:08","guid":{"rendered":"http:\/\/www.tehnomarket.com\/novi?page_id=4400"},"modified":"2026-02-23T12:39:26","modified_gmt":"2026-02-23T11:39:26","slug":"alu-bender-zatvaranje-ivica-panela","status":"publish","type":"page","link":"https:\/\/tehnomarket.com\/novi?page_id=4400","title":{"rendered":"ALU BENDER-Zatvaranje ivica panela"},"content":{"rendered":"<p><img loading=\"lazy\" decoding=\"async\" class=\"alignnone size-full wp-image-1173\" src=\"https:\/\/www.tehnomarket.com\/novi\/wp-content\/uploads\/2014\/07\/bender.jpg\" alt=\"full width nova\" width=\"949\" height=\"341\" \/><\/p>\n<p>&nbsp;<\/p>\n<p>Alu Bender ma\u0161ina omogu\u0107uje obradu kompozitnih panela u vidu zatvaranja bo\u010dnih ivica tako da se unutra\u0161nja ispuna uop\u0161te ne vidi. Ovakva obrada oplemenjuje izgled panela i otvara potpuno nove mogucnosti za primenu kompozitnih panela u enterijeru kao zamenu za zidne obloge ili dekorativne elemente. Na ovaj na\u010din panel je i za\u0161ti\u0107en od spolja\u0161njih uticaja u spolja\u0161njoj primeni.<\/p>\n<p>Nakon \u0161to glodala na jednom kraju ma\u0161ine skinu odre\u0111eni deo materijala ivice, sistemom valjaka se vr\u0161i deformacija lima lica i ivica se zatvara. Mogu\u0107e je i potpuno zatvaranje panela nitnama sa duplim savijanjem ivice.<\/p>\n<p>Aluminijumski kompozitni paneli, aluminijumski sa\u0107asti paneli kao i HPL paneli svih dimenzija mogu se obradjivati na Alu Bender ma\u0161ini.<\/p>\n<p>U na\u0161oj ponudi je veliki izbor Larson i Larcore panela evropskog kvaliteta sa najkreativnijom mogu\u0107om obradom u CNC pogonu firme Tehnomarket.<\/p>\n","protected":false},"excerpt":{"rendered":"<p>&nbsp; Alu Bender ma\u0161ina omogu\u0107uje obradu kompozitnih panela u vidu zatvaranja bo\u010dnih ivica tako da se unutra\u0161nja ispuna uop\u0161te ne vidi. Ovakva obrada oplemenjuje izgled panela i otvara potpuno nove mogucnosti za primenu kompozitnih panela u enterijeru kao zamenu za [&hellip;]<\/p>\n","protected":false},"author":4,"featured_media":0,"parent":0,"menu_order":0,"comment_status":"closed","ping_status":"closed","template":"full_width.php","meta":{"footnotes":""},"class_list":["post-4400","page","type-page","status-publish","hentry"],"_links":{"self":[{"href":"https:\/\/tehnomarket.com\/novi\/index.php?rest_route=\/wp\/v2\/pages\/4400","targetHints":{"allow":["GET"]}}],"collection":[{"href":"https:\/\/tehnomarket.com\/novi\/index.php?rest_route=\/wp\/v2\/pages"}],"about":[{"href":"https:\/\/tehnomarket.com\/novi\/index.php?rest_route=\/wp\/v2\/types\/page"}],"author":[{"embeddable":true,"href":"https:\/\/tehnomarket.com\/novi\/index.php?rest_route=\/wp\/v2\/users\/4"}],"replies":[{"embeddable":true,"href":"https:\/\/tehnomarket.com\/novi\/index.php?rest_route=%2Fwp%2Fv2%2Fcomments&post=4400"}],"version-history":[{"count":1,"href":"https:\/\/tehnomarket.com\/novi\/index.php?rest_route=\/wp\/v2\/pages\/4400\/revisions"}],"predecessor-version":[{"id":6756,"href":"https:\/\/tehnomarket.com\/novi\/index.php?rest_route=\/wp\/v2\/pages\/4400\/revisions\/6756"}],"wp:attachment":[{"href":"https:\/\/tehnomarket.com\/novi\/index.php?rest_route=%2Fwp%2Fv2%2Fmedia&parent=4400"}],"curies":[{"name":"wp","href":"https:\/\/api.w.org\/{rel}","templated":true}]}}