{"id":4826,"date":"2019-05-14T12:12:43","date_gmt":"2019-05-14T11:12:43","guid":{"rendered":"http:\/\/www.tehnomarket.com\/novi?page_id=4826"},"modified":"2026-02-23T12:53:24","modified_gmt":"2026-02-23T11:53:24","slug":"unit-65-element-fasada","status":"publish","type":"page","link":"https:\/\/tehnomarket.com\/novi?page_id=4826","title":{"rendered":"UNIT 65 element fasada"},"content":{"rendered":"<div class=\"services_option2\">\n<div id=\"tabs\">\n<ul class=\"tab_select\">\n<li><a href=\"#tab-1\">UNIT 65 \u2013 element fasada<\/a><\/li>\n<li><a href=\"#tab-2\">UNIT 65 \u2013 strukturalna<\/a><\/li>\n<li><a href=\"#tab-3\">UNIT 65 \u2013 polustrukturalna<\/a><\/li>\n<\/ul>\n<div id=\"tab-1\">\n<p class=\"bwWrapper\"><img loading=\"lazy\" decoding=\"async\" src=\"https:\/\/www.tehnomarket.com\/novi\/wp-content\/uploads\/2014\/06\/unitgore.jpg\" alt=\"prozorivrata\" width=\"298\" height=\"193\" \/><\/p>\n<p>UNIT 65 element fasada prati trendove savremene arhitekture i zahtevima za visokim stepenom energetske efikasnosti, prefabrikacije i brze, efikasne monta\u017ee bez skele.<\/p>\n<p>Element fasada se sastoji pojedina\u010dnih prefabrikovanih modula koji se gotovi dopremaju na gradili\u0161te i sla\u017eu sa unutra\u0161nje strane objekta uz pomo\u0107 krana i bez montiranja skele.<br \/>\nPuna radioni\u010dka priprema elemenata osigurava brzu monta\u017eu na objektu, jer je nakon postavljanja aluminijumskih kotvi na fasadu za dalji rad neophodan je samo namenski kran ili dizalica za pozicioniranje elemenata i njihovo zaklju\u010davanje na poziciju. Sam na\u010din sklapanja i povezivanja fasadnih modula projektovan je tako da omogu\u0107i diletaciju u svim ravnima bez ugro\u017eavanja nosivosti same fasade \u0161to UNIT 65 element fasade \u010dini izuzetno pogodnim za ugradnju na lokacijama sa izra\u017eenom seizmi\u010dkom aktivnosti.<\/p>\n<ul>\n<li style=\"list-style-type: none;\">\n<ul>\n<li style=\"list-style-type: none;\">\n<ul>\n<li>izuzetne termi\u010dke performanse uz dvoslojne i troslojne pakete stakla<\/li>\n<li>potpuna prefabrikacija u radionici<\/li>\n<li>monta\u017ea na objektu bez skele<\/li>\n<\/ul>\n<\/li>\n<\/ul>\n<\/li>\n<\/ul>\n<p>&nbsp;<\/p>\n<div style=\"float: right; margin-right: 50%;\"><a class=\"btn_col\" href=\"https:\/\/www.tehnomarket.com\/novi\/?page_id=55\">Preuzmi<\/a><\/div>\n<h5>Preuzmite kataloge<\/h5>\n<\/div>\n<div id=\"tab-2\">\n<p class=\"bwWrapper\"><img loading=\"lazy\" decoding=\"async\" src=\"https:\/\/www.tehnomarket.com\/novi\/wp-content\/uploads\/2014\/06\/element.jpg\" alt=\"prozorivrata\" width=\"298\" height=\"193\" \/><\/p>\n<p>UNIT 65 strukturalna element fasada nudi izgled kompletno staklene fasade koja je potpuno u skladu sa aktuelnim trendovima savremene arhitekture i svedenog luksuza uz izuzetno nizak koeficijent termoprovodljivosti od Uf 0,89 W\/m\u00b2K.<\/p>\n<p>Strukturalna element fasada se sastoji pojedina\u010dnih prefabrikovanih modula koji se gotovi dopremaju na gradili\u0161te i sla\u017eu sa unutra\u0161nje strane objekta uz pomo\u0107 krana i bez montiranja skele.<br \/>\nPuna radioni\u010dka priprema elemenata osigurava brzu monta\u017eu na objektu, dok se eertikalne i horizontalne EPDM zaptivke nalaze se na svim spojevima gde aluminijumski profili ulaze jedni u druge, dok je po svim osama omogu\u0107ena dilatacija i rad pojedina\u010dnih modula, bez naru\u0161avanja op\u0161te konstruktivne nosivosti same fasade.<\/p>\n<p>Svojim tehni\u010dkim i vizuelnim karakteristikama UNIT 65 strukturalna element fasada spadaju u sam vrh ponude ostakljenih fasada.<\/p>\n<ul>\n<li>izuzetne termi\u010dke performanse do Uf=0,89 W\/m\u00b2K.<\/li>\n<li>potpuna prefabrikacija u radionici<\/li>\n<li>luksuzni izgled \u010disto staklene fasade<\/li>\n<\/ul>\n<p>&nbsp;<\/p>\n<div style=\"float: right; margin-right: 50%;\"><a class=\"btn_col\" href=\"https:\/\/www.tehnomarket.com\/novi\/?page_id=55\">Preuzmi<\/a><\/div>\n<h5>Preuzmite kataloge<\/h5>\n<\/div>\n<div id=\"tab-3\">\n<p class=\"bwWrapper\"><img loading=\"lazy\" decoding=\"async\" src=\"https:\/\/www.tehnomarket.com\/novi\/wp-content\/uploads\/2014\/06\/unitp.jpg\" alt=\"prozorivrata\" width=\"298\" height=\"193\" \/><\/p>\n<p>UNIT 65 polustrukturalna element fasada nudi savremenu opciju staklene fasade sa nagla\u0161enim aluminijumskim ramovima. Svaki prefabrikovani modul nosi sopstveni integrisani ram, \u0161to nudi mnogobrojne dizajnerske mogu\u0107nosti i kombinacije boja ramova i stakla. I pored svoje modularne konstrukcije i izlo\u017eenih aluminijumskih okvira nudi zavidne performanse i koeficijent provodljivosti od Uf=1.1 W\/m\u00b2k.<\/p>\n<p>Svojim tehni\u010dkim i vizuelnim karakteristikama UNIT 65 polustrukturalne element fasade spadaju u sam vrh ponude ostakljenih fasada.<\/p>\n<ul>\n<li>izuzetne termi\u010dke performanse do Uf=1,1 W\/m\u00b2K.<\/li>\n<li>potpuna prefabrikacija u radionici<\/li>\n<li>dinami\u010dan izgled fasade i velika mogu\u0107nost kombinovanja<\/li>\n<\/ul>\n<p>&nbsp;<\/p>\n<div style=\"float: right; margin-right: 50%;\"><a class=\"btn_col\" href=\"https:\/\/www.tehnomarket.com\/novi\/?page_id=55\">Preuzmi<\/a><\/div>\n<h5>Preuzmite kataloge<\/h5>\n<\/div>\n<\/div>\n<\/div>\n","protected":false},"excerpt":{"rendered":"<p>UNIT 65 \u2013 element fasada UNIT 65 \u2013 strukturalna UNIT 65 \u2013 polustrukturalna UNIT 65 element fasada prati trendove savremene arhitekture i zahtevima za visokim stepenom energetske efikasnosti, prefabrikacije i brze, efikasne monta\u017ee bez skele. Element fasada se sastoji pojedina\u010dnih [&hellip;]<\/p>\n","protected":false},"author":4,"featured_media":0,"parent":0,"menu_order":0,"comment_status":"closed","ping_status":"closed","template":"full_width.php","meta":{"footnotes":""},"class_list":["post-4826","page","type-page","status-publish","hentry"],"_links":{"self":[{"href":"https:\/\/tehnomarket.com\/novi\/index.php?rest_route=\/wp\/v2\/pages\/4826","targetHints":{"allow":["GET"]}}],"collection":[{"href":"https:\/\/tehnomarket.com\/novi\/index.php?rest_route=\/wp\/v2\/pages"}],"about":[{"href":"https:\/\/tehnomarket.com\/novi\/index.php?rest_route=\/wp\/v2\/types\/page"}],"author":[{"embeddable":true,"href":"https:\/\/tehnomarket.com\/novi\/index.php?rest_route=\/wp\/v2\/users\/4"}],"replies":[{"embeddable":true,"href":"https:\/\/tehnomarket.com\/novi\/index.php?rest_route=%2Fwp%2Fv2%2Fcomments&post=4826"}],"version-history":[{"count":12,"href":"https:\/\/tehnomarket.com\/novi\/index.php?rest_route=\/wp\/v2\/pages\/4826\/revisions"}],"predecessor-version":[{"id":6860,"href":"https:\/\/tehnomarket.com\/novi\/index.php?rest_route=\/wp\/v2\/pages\/4826\/revisions\/6860"}],"wp:attachment":[{"href":"https:\/\/tehnomarket.com\/novi\/index.php?rest_route=%2Fwp%2Fv2%2Fmedia&parent=4826"}],"curies":[{"name":"wp","href":"https:\/\/api.w.org\/{rel}","templated":true}]}}