{"id":4840,"date":"2019-05-20T13:26:32","date_gmt":"2019-05-20T12:26:32","guid":{"rendered":"http:\/\/www.tehnomarket.com\/novi?page_id=4840"},"modified":"2026-02-23T12:33:59","modified_gmt":"2026-02-23T11:33:59","slug":"sunpro-g45-sistem-aluminijumskih-grilja","status":"publish","type":"page","link":"https:\/\/tehnomarket.com\/novi?page_id=4840","title":{"rendered":"SUNPRO G45 sistem aluminijumskih grilja"},"content":{"rendered":"<div class=\"services_option2\">\n<div id=\"tabs\">\n<ul class=\"tab_select\">\n<li><a href=\"#tab-1\">SUNPRO G45 \u2013 aluminijumske grilje<\/a><\/li>\n<\/ul>\n<div id=\"tab-1\">\n<p class=\"bwWrapper\"><img loading=\"lazy\" decoding=\"async\" src=\"https:\/\/www.tehnomarket.com\/novi\/wp-content\/uploads\/2014\/06\/grilje12.jpg\" alt=\"prozorivrata\" width=\"298\" height=\"193\" \/><\/p>\n<p>Aluminijumske grilje predstavljaju dugotrajnu opciju spoljne za\u0161tite prozora i balkonskih vrata. SUNPRO G45 predstavlja sistem koji nudi visoku fleksibilnost pri projektovanju elemenata sa vi\u0161e razli\u010ditih tipova otvaranja od klasi\u010dnog okretnog preko kliznog do harmonika na\u010dina sklapanja. Pored toga ovaj sistem se mo\u017ee ugraditi sa ili bez rama, sa klasi\u010dnim ili rusti\u010dnim okovima.<\/p>\n<p>Sistem grilja upotpunjuje Tehnomarket aluminijumski sistem TMH bez prekida termi\u010dkog mosta, koji uz pristupa\u010dnost garantuje i otpornost na sve vrste atmosferskih uticaja.<\/p>\n<p><center><img decoding=\"async\" src=\"https:\/\/www.tehnomarket.com\/novi\/wp-content\/uploads\/2014\/06\/g45.png\" \/><center><\/center><\/center><\/p>\n<p class=\"bwWrapper\"><img loading=\"lazy\" decoding=\"async\" src=\"https:\/\/www.tehnomarket.com\/novi\/wp-content\/uploads\/2014\/06\/g45dole.jpg\" alt=\"prozorivrata\" width=\"298\" height=\"193\" \/><\/p>\n<ul>\n<li>dvostruko zaptivanje izme\u0111u rama i krila<\/li>\n<li>monta\u017ea sa i bez dodatnog rama<\/li>\n<li>opcija fiksnih i pokretnih lamela<\/li>\n<\/ul>\n<p>&nbsp;<\/p>\n<div style=\"float: right; margin-right: 30%;\"><a class=\"btn_col\" href=\"https:\/\/www.tehnomarket.com\/novi\/?page_id=55\">Preuzmi<\/a><\/div>\n<h5>Preuzmite kataloge<\/h5>\n<div style=\"float: right; margin-right: 30%;\"><a class=\"btn_col\" href=\"\/novi\/katalozi\/PDF\/prozori_i_vrata\/TMH\/sunprotech.pdf\">Preuzmi<\/a><\/div>\n<h5>Preuzmite detaljan tehni\u010dki opis sistema<\/h5>\n<\/div>\n<\/div>\n<\/div>\n","protected":false},"excerpt":{"rendered":"<p>SUNPRO G45 \u2013 aluminijumske grilje Aluminijumske grilje predstavljaju dugotrajnu opciju spoljne za\u0161tite prozora i balkonskih vrata. SUNPRO G45 predstavlja sistem koji nudi visoku fleksibilnost pri projektovanju elemenata sa vi\u0161e razli\u010ditih tipova otvaranja od klasi\u010dnog okretnog preko kliznog do harmonika na\u010dina [&hellip;]<\/p>\n","protected":false},"author":4,"featured_media":0,"parent":0,"menu_order":0,"comment_status":"closed","ping_status":"closed","template":"full_width.php","meta":{"footnotes":""},"class_list":["post-4840","page","type-page","status-publish","hentry"],"_links":{"self":[{"href":"https:\/\/tehnomarket.com\/novi\/index.php?rest_route=\/wp\/v2\/pages\/4840","targetHints":{"allow":["GET"]}}],"collection":[{"href":"https:\/\/tehnomarket.com\/novi\/index.php?rest_route=\/wp\/v2\/pages"}],"about":[{"href":"https:\/\/tehnomarket.com\/novi\/index.php?rest_route=\/wp\/v2\/types\/page"}],"author":[{"embeddable":true,"href":"https:\/\/tehnomarket.com\/novi\/index.php?rest_route=\/wp\/v2\/users\/4"}],"replies":[{"embeddable":true,"href":"https:\/\/tehnomarket.com\/novi\/index.php?rest_route=%2Fwp%2Fv2%2Fcomments&post=4840"}],"version-history":[{"count":12,"href":"https:\/\/tehnomarket.com\/novi\/index.php?rest_route=\/wp\/v2\/pages\/4840\/revisions"}],"predecessor-version":[{"id":6840,"href":"https:\/\/tehnomarket.com\/novi\/index.php?rest_route=\/wp\/v2\/pages\/4840\/revisions\/6840"}],"wp:attachment":[{"href":"https:\/\/tehnomarket.com\/novi\/index.php?rest_route=%2Fwp%2Fv2%2Fmedia&parent=4840"}],"curies":[{"name":"wp","href":"https:\/\/api.w.org\/{rel}","templated":true}]}}