{"id":4853,"date":"2019-05-20T13:32:41","date_gmt":"2019-05-20T12:32:41","guid":{"rendered":"http:\/\/www.tehnomarket.com\/novi?page_id=4853"},"modified":"2019-05-21T10:35:33","modified_gmt":"2019-05-21T09:35:33","slug":"sunpro-g45-aluminumsystem-fuer-fenster-und-tuerlaeder","status":"publish","type":"page","link":"https:\/\/tehnomarket.com\/novi?page_id=4853&lang=de","title":{"rendered":"SUNPRO G45 Aluminumsystem f\u00fcr Fenster und T\u00fcrl\u00e4der"},"content":{"rendered":"<div class=\"services_option2\">\n<div id=\"tabs\">\n<ul class=\"tab_select\">\n<li><a href=\"#tab-1\">SUNPRO G45 \u2013 Aluminumsystem f\u00fcr Fenster<\/a><\/li>\n<\/ul>\n<div id=\"tab-1\">\n<p class=\"bwWrapper\"><img loading=\"lazy\" decoding=\"async\" src=\"https:\/\/www.tehnomarket.com\/novi\/wp-content\/uploads\/2014\/06\/grilje.jpg\" alt=\"prozorivrata\" width=\"298\" height=\"193\" \/><\/p>\n<p>Die L\u00e4der sind eine dauerhafte Option f\u00fcr den Schutz von Au\u00dfenfenstern und Balkont\u00fcren. SUNPRO G45 ist ein System, das eine hohe Flexibilit\u00e4t bei der Gestaltung von Elementen mit verschiedenen \u00d6ffnungsarten, vom klassischen Dreh- \u00fcber Slide- bis zum Harmonikat\u00fcr, bietet.<\/p>\n<p>Eine gro\u00dfe Auswahl an Farben sowie ein modernes oder vintage Design geh\u00f6ren ebenfalls zum Angebot.<\/p>\n<p>SUNPRO G45 stellt eine Erg\u00e4nzung des w\u00e4rmenbr\u00fcckenfreies Systems TMH. Nicht nur Bezahlbarkeit sondern auch Schutz gegen alle Arten von Witterungseinfl\u00fcssen sind mit SUNPRO G45 garantiert.<\/p>\n<p><\/br><\/p>\n<ul>\n<li>doppelte Abdichtung zwischen dem Rahmen und dem Fl\u00fcgel<\/li>\n<li>Montage mit oder ohne Fensterrahmen<\/li>\n<li>Option von festen und beweglichen Lamellen<\/li>\n<\/ul>\n<p><\/br><\/p>\n<div style=\"float: right; margin-right: 50%;\"><a class=\"btn_col\" href=\"https:\/\/www.tehnomarket.com\/novi\/?page_id=55\">Download<\/a><\/div>\n<h5>Kataloge und Prospekte<\/h5>\n<\/div>\n<\/div>\n<\/div>\n","protected":false},"excerpt":{"rendered":"<p>SUNPRO G45 \u2013 Aluminumsystem f\u00fcr Fenster Die L\u00e4der sind eine dauerhafte Option f\u00fcr den Schutz von Au\u00dfenfenstern und Balkont\u00fcren. SUNPRO G45 ist ein System, das eine hohe Flexibilit\u00e4t bei der Gestaltung von Elementen mit verschiedenen \u00d6ffnungsarten, vom klassischen Dreh- \u00fcber [&hellip;]<\/p>\n","protected":false},"author":4,"featured_media":0,"parent":0,"menu_order":0,"comment_status":"closed","ping_status":"closed","template":"full_width.php","meta":{"footnotes":""},"class_list":["post-4853","page","type-page","status-publish","hentry"],"_links":{"self":[{"href":"https:\/\/tehnomarket.com\/novi\/index.php?rest_route=\/wp\/v2\/pages\/4853","targetHints":{"allow":["GET"]}}],"collection":[{"href":"https:\/\/tehnomarket.com\/novi\/index.php?rest_route=\/wp\/v2\/pages"}],"about":[{"href":"https:\/\/tehnomarket.com\/novi\/index.php?rest_route=\/wp\/v2\/types\/page"}],"author":[{"embeddable":true,"href":"https:\/\/tehnomarket.com\/novi\/index.php?rest_route=\/wp\/v2\/users\/4"}],"replies":[{"embeddable":true,"href":"https:\/\/tehnomarket.com\/novi\/index.php?rest_route=%2Fwp%2Fv2%2Fcomments&post=4853"}],"version-history":[{"count":4,"href":"https:\/\/tehnomarket.com\/novi\/index.php?rest_route=\/wp\/v2\/pages\/4853\/revisions"}],"predecessor-version":[{"id":4861,"href":"https:\/\/tehnomarket.com\/novi\/index.php?rest_route=\/wp\/v2\/pages\/4853\/revisions\/4861"}],"wp:attachment":[{"href":"https:\/\/tehnomarket.com\/novi\/index.php?rest_route=%2Fwp%2Fv2%2Fmedia&parent=4853"}],"curies":[{"name":"wp","href":"https:\/\/api.w.org\/{rel}","templated":true}]}}