{"id":5092,"date":"2020-05-04T10:13:09","date_gmt":"2020-05-04T09:13:09","guid":{"rendered":"http:\/\/www.tehnomarket.com\/novi?page_id=5092"},"modified":"2026-02-18T14:07:48","modified_gmt":"2026-02-18T13:07:48","slug":"lineal-aluminijum","status":"publish","type":"page","link":"https:\/\/tehnomarket.com\/novi?page_id=5092","title":{"rendered":"LINEAL aluminijum"},"content":{"rendered":"<p><script><span data-mce-type=\"bookmark\" style=\"display: inline-block; width: 0px; overflow: hidden; line-height: 0;\" class=\"mce_SELRES_start\">\ufeff<\/span>\n  (function(i,s,o,g,r,a,m){i['GoogleAnalyticsObject']=r;i[r]=i[r]||function(){\n  (i[r].q=i[r].q||[]).push(arguments)},i[r].l=1*new Date();a=s.createElement(o),\n  m=s.getElementsByTagName(o)[0];a.async=1;a.src=g;m.parentNode.insertBefore(a,m)\n  })(window,document,'script','\/\/www.google-analytics.com\/analytics.js','ga');<\/p>\n<p>  ga('create', 'UA-59517940-1', 'auto');\n  ga('send', 'pageview');<\/p>\n<p><\/script><\/p>\n<div class=\"services_option2\">\n<div id=\"tabs\">\n<ul class=\"tab_select\">\n<li><a href=\"#tab-1\">LINEAL aluminijum<\/a><\/li>\n<li><a href=\"#tab-2\">LINEAL ST 54<\/a><\/li>\n<li><a href=\"#tab-3\">LINEAL PLUS 62<\/a><\/li>\n<li><a href=\"#tab-4\">LINEAL THERM 62<\/a><\/li>\n<li><a href=\"#tab-5\">LINEAL THERM 77<\/a><\/li>\n<\/ul>\n<div id=\"tab-1\">\n<p class=\"bwWrapper\"><img loading=\"lazy\" decoding=\"async\" src=\"https:\/\/www.tehnomarket.com\/novi\/wp-content\/uploads\/2014\/06\/linealsva4.jpg\" alt=\"prozorivrata\" width=\"298\" height=\"193\" \/><\/p>\n<p>Tri razli\u010dite dubine ugradnje od 54mm, 62mm i 77mm nude korisniku mogu\u0107nost izbora izme\u0111u 4 podsistema u skladu sa \u017eeljenim i projektovanim potrebama u planiranoj eksploataciji prozora i vrata. Optimizovana toplotna izolovanost, kao bitan faktor komfora, postignuta je termo prekidom u vidu poliamidnih traka razli\u010ditih \u0161irina od 16mm, 24mm i 39mm, i u direktnoj je zavisnosti od dubine ugradnje \u0161toka.<\/p>\n<p>Sistem THERM 77, kao tehnolo\u0161ki najkompleksniji, ima poja\u010dana termi\u010dka svojstva postignuta putem sa\u0107astih vi\u0161ekomornih poliamida, sun\u0111erastih ispuna i koekstrudirane centralne zaptivke. U kombinaciji sa troslojnim staklom (Ug=0,5W\/m\u00b2K) na prozoru ovog sistema mo\u017ee se posti\u0107i minimalni koeficijent prolaza toplote kroz ceo prozor od Uw=0,96W\/m\u00b2K predvi\u0111en za niskoenergetske zgrade.<\/p>\n<p><center><img decoding=\"async\" src=\"https:\/\/www.tehnomarket.com\/novi\/wp-content\/uploads\/2014\/07\/linealtab2020.jpg\" \/><center><\/center><\/center><\/p>\n<p class=\"bwWrapper\"><img loading=\"lazy\" decoding=\"async\" src=\"https:\/\/www.tehnomarket.com\/novi\/wp-content\/uploads\/2014\/06\/lin1.jpg\" alt=\"prozorivrata\" width=\"298\" height=\"193\" \/><\/p>\n<ul>\n<li>Lineal sistemi dolaze u \u010detiri nivoa izolacije i tri dubine ugradnje: 54, 62 i 77mm<\/li>\n<li>Podr\u017eane su ispune i staklo paketi od 8 do 68mm sa EPDM zaptivkama koje poseduju integrisanu barijeru protiv produvavanja.<\/li>\n<li>Zaptivanje u zoni spoja \u0161toka i krila je trostruko, preko tri trajno elasti\u010dne EPDM zaptivke otporne na UV zra\u010denje.<\/li>\n<li>Osnovna spolja\u0161nja dimenzija \u0161toka od 65mm.<\/li>\n<\/ul>\n<p>&nbsp;<\/p>\n<div style=\"float: right; margin-right: 30%;\"><a class=\"btn_col\" href=\"https:\/\/www.tehnomarket.com\/novi\/?page_id=55\">Preuzmi<\/a><\/div>\n<h5>Preuzmite kataloge<\/h5>\n<\/div>\n<div id=\"tab-2\">\n<p class=\"bwWrapper\"><img loading=\"lazy\" decoding=\"async\" src=\"https:\/\/www.tehnomarket.com\/novi\/wp-content\/uploads\/2014\/06\/ST54.jpg\" alt=\"prozorivrata\" width=\"298\" height=\"193\" \/><\/p>\n<p>Sistem LINEAL ST 54 je jedan od jedanaest iz serije LINEAL i predstavlja sistem aluminijumskih profila sa termi\u010dkim prekidom, specijalno projektovanih za izradu elemenata prozora i vrata sa ugradnom dubinom \u0161toka od 54mm. Sistem je dizajniran tako da zadovoljava savremene zahteve na polju energetske efikasnosti, kao i ostale uslove nepohodne za bezbedan i udoban radni i \u017eivotni prostor. Prilikom projektovanja elemenata sistema posebna pa\u017enja je posve\u0107ena odabiru materijala koji vr\u0161e funkciju termi\u010dkog prekida u sklopu profila. Na ovaj na\u010din su postignute maksimalne sistemske termoizolacione karakteristike. Uf\u22482,868W\/m\u00b2K, odnosno Uw\u22481,67W\/m\u00b2K.<\/p>\n<p><center><img decoding=\"async\" src=\"https:\/\/www.tehnomarket.com\/novi\/wp-content\/uploads\/2014\/07\/st54presek5.jpg\" \/><center><\/center><\/center><\/p>\n<p class=\"bwWrapper\"><img loading=\"lazy\" decoding=\"async\" src=\"https:\/\/www.tehnomarket.com\/novi\/wp-content\/uploads\/2014\/06\/54dole.jpg\" alt=\"prozorivrata\" width=\"298\" height=\"193\" \/><\/p>\n<ul>\n<li>Sistem LINEAL ST 54 omogu\u0107ava ugradnju standardnog okova u EURO 1 \u017eljeb i okova za PVC u EURO 16mm \u017eljeb.<\/li>\n<li>Podr\u017eane ispune i staklo paketi od 8 do 45mm sa EPDM zaptivkama koje poseduju integrisanu barijeru protiv produvavanja.<\/li>\n<li>Zaptivanje u zoni spoja \u0161toka i krila je trostruko, preko tri trajno elasti\u010dne EPDM zaptivke otporne na UV zra\u010denje.<\/li>\n<li>Osnovna spolja\u0161nja dimenzija \u0161toka od 65mm.<\/li>\n<\/ul>\n<p>&nbsp;<\/p>\n<div style=\"float: right; margin-right: 30%;\"><a class=\"btn_col\" href=\"\/novi\/katalozi\/lineal\/LINEAL ST 54 tehnicki opis-001-001.pdf\">Preuzmi<\/a><\/div>\n<h5>Preuzmite detaljan tehni\u010dki opis sistema<\/h5>\n<\/div>\n<div id=\"tab-3\">\n<p class=\"bwWrapper\"><img loading=\"lazy\" decoding=\"async\" src=\"https:\/\/www.tehnomarket.com\/novi\/wp-content\/uploads\/2014\/06\/PLUS62.jpg\" alt=\"fasade\" width=\"298\" height=\"193\" \/><\/p>\n<p>Sistem LINEAL PLUS 62 je jedan od jedanaest iz serije LINEAL i predstavlja sistem aluminijumskih profila sa termi\u010dkim prekidom, specijalno projektovanih za izradu elemenata prozora i vrata sa ugradnom dubinom \u0161toka od 62mm. Sistem je dizajniran tako da zadovoljava savremene zahteve na polju energetske efikasnosti, kao i ostale uslove nepohodne za bezbedan i udoban radni i \u017eivotni prostor.Prilikom projektovanja elemenata sistema posebna pa\u017enja je posve\u0107ena odabiru materijala koji vr\u0161e funkciju termi\u010dkog prekida u sklopu sistemskih profila. Na ovaj na\u010din su postignute maksimalne termoizolacione karakteristike Uf\u22482,50W\/m\u00b2K, odnosno Uw\u22481,30W\/m\u00b2K.<\/p>\n<p><center><img decoding=\"async\" src=\"https:\/\/www.tehnomarket.com\/novi\/wp-content\/uploads\/2014\/07\/plus62presek5.jpg\" \/><center><\/center><\/center><\/p>\n<p class=\"bwWrapper\"><img loading=\"lazy\" decoding=\"async\" src=\"https:\/\/www.tehnomarket.com\/novi\/wp-content\/uploads\/2014\/06\/plus62dole.jpg\" alt=\"prozorivrata\" width=\"298\" height=\"193\" \/><\/p>\n<ul>\n<li>Sistem LINEAL PLUS 62 omogu\u0107ava ugradnju standardnog okova u EURO 1 \u017eljeb i okova za PVC u EURO 16mm \u017eljeb.<\/li>\n<li>Podr\u017eane ispune i staklo paketi od 8 do 53mm sa EPDM zaptivkama koje poseduju integrisanu barijeru protiv produvavanja.<\/li>\n<li>Zaptivanje u zoni spoja \u0161toka i krila je trostruko, preko tri trajno elasti\u010dne EPDM zaptivke otporne na UV zra\u010denje.<\/li>\n<li>Osnovna spolja\u0161nja dimenzija \u0161toka od 65mm.<\/li>\n<\/ul>\n<p>&nbsp;<\/p>\n<div style=\"float: right; margin-right: 30%;\"><a class=\"btn_col\" href=\"\/novi\/katalozi\/lineal\/LINEAL PLUS 62 tehnicki opis-001-001.pdf\">Preuzmi<\/a><\/div>\n<h5>Preuzmite detaljan tehni\u010dki opis sistema<\/h5>\n<\/div>\n<div id=\"tab-4\">\n<p class=\"bwWrapper\"><img loading=\"lazy\" decoding=\"async\" src=\"https:\/\/www.tehnomarket.com\/novi\/wp-content\/uploads\/2014\/06\/therm62pp.jpg\" alt=\"vent\" width=\"298\" height=\"193\" \/><\/p>\n<p>Sistem LINEAL THERM 62 je jedan od jedanaest iz serije LINEAL i predstavlja sistem aluminijumskih profila sa termi\u010dkim prekidom, specijalno projektovanih za izradu elemenata prozora i vrata sa ugradnom dubinom \u0161toka od 62mm.Sistem je dizajniran tako da zadovoljava savremene zahteve na polju energetske efikasnosti, kao i ostale uslove nepohodne za bezbedan i udoban radni i \u017eivotni prostor.Prilikom projektovanja elemenata sistema posebna pa\u017enja je posve\u0107ena odabiru materijala koji vr\u0161e funkciju termi\u010dkog prekida u sklopu sistemskih profila i dodate su posebne sun\u0111eraste ispune unutar komora profila. Na ovaj na\u010din su postignute maksimalne termoizolacione karakteristike Uf\u22482,00W\/m\u00b2K, odnosno Uw\u22481,1\/m\u00b2K.<\/p>\n<p><center><img decoding=\"async\" src=\"https:\/\/www.tehnomarket.com\/novi\/wp-content\/uploads\/2014\/07\/therm62presek5.jpg\" \/><center><\/center><\/center>&nbsp;<\/p>\n<p class=\"bwWrapper\"><img loading=\"lazy\" decoding=\"async\" src=\"https:\/\/www.tehnomarket.com\/novi\/wp-content\/uploads\/2014\/06\/therm62dole.jpg\" alt=\"prozorivrata\" width=\"298\" height=\"193\" \/><\/p>\n<ul>\n<li>Sistem LINEAL THERM 62 omogu\u0107ava ugradnju standardnog okova u EURO 1 \u017eljeb i okova za PVC u EURO 16mm \u017eljeb.<\/li>\n<li>Podr\u017eane ispune i staklo paketi od 8 do 53mm sa EPDM zaptivkama koje poseduju integrisanu barijeru protiv produvavanja.<\/li>\n<li>Zaptivanje u zoni spoja \u0161toka i krila je trostruko, preko tri trajno elasti\u010dne EPDM zaptivke otporne na UV zra\u010denje.<\/li>\n<li>Osnovna spolja\u0161nja dimenzija \u0161toka od 65mm<\/li>\n<\/ul>\n<p>&nbsp;<\/p>\n<div style=\"float: right; margin-right: 30%;\"><a class=\"btn_col\" href=\"\/novi\/katalozi\/lineal\/therm62tech.pdf\">Preuzmi<\/a><\/div>\n<h5>Preuzmite detaljan tehni\u010dki opis sistema<\/h5>\n<\/div>\n<div id=\"tab-5\">\n<p class=\"bwWrapper\"><img loading=\"lazy\" decoding=\"async\" src=\"https:\/\/www.tehnomarket.com\/novi\/wp-content\/uploads\/2014\/06\/THERM77.jpg\" alt=\"vent\" width=\"298\" height=\"193\" \/><\/p>\n<p>Sistem LINEAL THERM 77 je jedan od jedanaest iz serije LINEAL i predstavlja sistem aluminijumskih profila sa termi\u010dkim prekidom, specijalno projektovanih za izradu elemenata prozora i vrata sa ugradnom dubinom \u0161toka od 77mm. Sistem je dizajniran tako da zadovoljava savremene zahteve na polju energetske efikasnosti, kao i ostale uslove nepohodne za bezbedan i udoban radni i \u017eivotni prostor. Prilikom projektovanja elemenata sistema posebna pa\u017enja je posve\u0107ena odabiru materijala koji vr\u0161e funkciju termi\u010dkog prekida u sklopu sistemskih profila i dodate su posebne sun\u0111eraste ispune unutar komora profila. Na ovaj na\u010din su postignute maksimalne termoizolacione karakteristike Uf\u22481,40W\/m\u00b2K, odnosno Uw\u22480,96W\/m\u00b2K.<\/p>\n<p><center><img decoding=\"async\" src=\"https:\/\/www.tehnomarket.com\/novi\/wp-content\/uploads\/2014\/07\/therm77presek5.jpg\" \/><center><\/center><\/center>&nbsp;<\/p>\n<p class=\"bwWrapper\"><img loading=\"lazy\" decoding=\"async\" src=\"https:\/\/www.tehnomarket.com\/novi\/wp-content\/uploads\/2014\/06\/77dole.jpg\" alt=\"prozorivrata\" width=\"298\" height=\"193\" \/><\/p>\n<ul>\n<li>Sistem LINEAL THERM 77 omogu\u0107ava ugradnju standardnog okova u EURO 1 \u017eljeb i okova za PVC u EURO 16mm \u017eljeb.<\/li>\n<li>Podr\u017eane ispune i staklo paketi od 23 do 68mm sa EPDM zaptivkama koje poseduju integrisanu barijeru protiv produvavanja.<\/li>\n<li>Zaptivanje u zoni spoja \u0161toka i krila je trostruko, preko tri trajno elasti\u010dne EPDM zaptivke otporne na UV zra\u010denje.<\/li>\n<li>Osnovna spolja\u0161nja dimenzija \u0161toka od 65mm<\/li>\n<\/ul>\n<p>&nbsp;<\/p>\n<div style=\"float: right; margin-right: 30%;\"><a class=\"btn_col\" href=\"\/novi\/katalozi\/lineal\/LINEAL THERM 77 tehnicki opis-001-001.pdf\">Preuzmi<\/a><\/div>\n<h5>Preuzmite detaljan tehni\u010dki opis sistema<\/h5>\n<\/div>\n<\/div>\n<\/div>\n<\/div>\n","protected":false},"excerpt":{"rendered":"<p>LINEAL aluminijum LINEAL ST 54 LINEAL PLUS 62 LINEAL THERM 62 LINEAL THERM 77 Tri razli\u010dite dubine ugradnje od 54mm, 62mm i 77mm nude korisniku mogu\u0107nost izbora izme\u0111u 4 podsistema u skladu sa \u017eeljenim i projektovanim potrebama u planiranoj eksploataciji [&hellip;]<\/p>\n","protected":false},"author":4,"featured_media":0,"parent":840,"menu_order":0,"comment_status":"closed","ping_status":"closed","template":"blank.php","meta":{"footnotes":""},"class_list":["post-5092","page","type-page","status-publish","hentry"],"_links":{"self":[{"href":"https:\/\/tehnomarket.com\/novi\/index.php?rest_route=\/wp\/v2\/pages\/5092","targetHints":{"allow":["GET"]}}],"collection":[{"href":"https:\/\/tehnomarket.com\/novi\/index.php?rest_route=\/wp\/v2\/pages"}],"about":[{"href":"https:\/\/tehnomarket.com\/novi\/index.php?rest_route=\/wp\/v2\/types\/page"}],"author":[{"embeddable":true,"href":"https:\/\/tehnomarket.com\/novi\/index.php?rest_route=\/wp\/v2\/users\/4"}],"replies":[{"embeddable":true,"href":"https:\/\/tehnomarket.com\/novi\/index.php?rest_route=%2Fwp%2Fv2%2Fcomments&post=5092"}],"version-history":[{"count":14,"href":"https:\/\/tehnomarket.com\/novi\/index.php?rest_route=\/wp\/v2\/pages\/5092\/revisions"}],"predecessor-version":[{"id":5390,"href":"https:\/\/tehnomarket.com\/novi\/index.php?rest_route=\/wp\/v2\/pages\/5092\/revisions\/5390"}],"up":[{"embeddable":true,"href":"https:\/\/tehnomarket.com\/novi\/index.php?rest_route=\/wp\/v2\/pages\/840"}],"wp:attachment":[{"href":"https:\/\/tehnomarket.com\/novi\/index.php?rest_route=%2Fwp%2Fv2%2Fmedia&parent=5092"}],"curies":[{"name":"wp","href":"https:\/\/api.w.org\/{rel}","templated":true}]}}