{"id":5096,"date":"2020-05-04T10:19:41","date_gmt":"2020-05-04T09:19:41","guid":{"rendered":"http:\/\/www.tehnomarket.com\/novi?page_id=5096"},"modified":"2026-02-18T14:07:48","modified_gmt":"2026-02-18T13:07:48","slug":"lineal-aluminijum-drvo","status":"publish","type":"page","link":"https:\/\/tehnomarket.com\/novi?page_id=5096","title":{"rendered":"LINEAL aluminijum-drvo"},"content":{"rendered":"<p><script><span data-mce-type=\"bookmark\" style=\"display: inline-block; width: 0px; overflow: hidden; line-height: 0;\" class=\"mce_SELRES_start\">\ufeff<\/span>\n  (function(i,s,o,g,r,a,m){i['GoogleAnalyticsObject']=r;i[r]=i[r]||function(){\n  (i[r].q=i[r].q||[]).push(arguments)},i[r].l=1*new Date();a=s.createElement(o),\n  m=s.getElementsByTagName(o)[0];a.async=1;a.src=g;m.parentNode.insertBefore(a,m)\n  })(window,document,'script','\/\/www.google-analytics.com\/analytics.js','ga');<\/p>\n<p>  ga('create', 'UA-59517940-1', 'auto');\n  ga('send', 'pageview');<\/p>\n<p><\/script><\/p>\n<div class=\"services_option2\">\n<div id=\"tabs\">\n<ul class=\"tab_select\">\n<li><a href=\"#tab-6\">LINEAL aluminijum-drvo<\/a><\/li>\n<li><a href=\"#tab-7\">LINEAL W-ST 81<\/a><\/li>\n<li><a href=\"#tab-8\">LINEAL W-PLUS 89<\/a><\/li>\n<li><a href=\"#tab-9\">LINEAL W-THERM 89<\/a><\/li>\n<li><a href=\"#tab-10\">LINEAL W-THERM 104<\/a><\/li>\n<\/ul>\n<div id=\"tab-6\">\n<p class=\"bwWrapper\"><img loading=\"lazy\" decoding=\"async\" src=\"https:\/\/www.tehnomarket.com\/novi\/wp-content\/uploads\/2014\/06\/lin4drvo.jpg\" alt=\"profiliopstenamene\" width=\"298\" height=\"193\" \/><\/p>\n<p>Idealna kombinacija postojanog i \u010dvrstog aluminijuma i plemenitog drveta kao unutra\u0161nje obloge, napravljena je da bi pru\u017eila vrhunski prozor, koji na najbolji mogu\u00e6i na\u00e8in oplemenjuje svaki poslovni prostor i dom. \u010cetiri projektovana podsistema dubine ugradnje od 81mm, 89mm i 104mm odgovaraju aktuelnim propisima o energetskoj efikasnosti u modernoj gradnji, ujedno se izdvajaju\u0107i svojim unapre\u0111enim performansama, dizajnom i luksuznim materijalima.<\/p>\n<p>Kao podsistem sa najboljim karakteristikama izdvaja se W-TERM 104, koji poseduje svojstva nagla\u0161ene izolacije sa mogu\u0107no\u0161\u0107u postizanja Uw=0,79W\/m\u00b2K (uz primenu troslojnog stakla Ug=0,5 W\/m\u00b2K), a uz neverovatan odnos cene i kvaliteta, danas veoma bitan investitorima.<\/p>\n<p><center><img decoding=\"async\" src=\"https:\/\/www.tehnomarket.com\/novi\/wp-content\/uploads\/2014\/07\/linealtabdrvo.jpg\" \/><center><\/center><\/center><\/p>\n<p class=\"bwWrapper\"><img loading=\"lazy\" decoding=\"async\" src=\"https:\/\/www.tehnomarket.com\/novi\/wp-content\/uploads\/2014\/06\/wthermobj.jpg\" alt=\"prozorivrata\" width=\"298\" height=\"193\" \/><\/p>\n<ul>\n<li>Dostupna je obloga od vi\u0161e vrsta prirodnog drveta bojenog u vi\u0161e nijansi ekolo\u0161kih boja.<\/li>\n<li>Podr\u017eane ispune i staklo paketi od 16 do 60mm sa EPDM zaptivkama koje poseduju integrisanu barijeru protiv produvavanja.<\/li>\n<li>Zaptivanje u zoni spoja \u0161toka i krila je trostruko, preko tri trajno elasti\u010dne EPDM zaptivke otporne na UV zra\u010denje.<\/li>\n<li>Masivni drveni profili (hrast, bukva, mahagoni&#8230;)su postavljeni na aluminijumsku nose\u0107u konstrukciju poliamidnim patent spojnicama koje dozvoljavaju me\u0111usobnu dilataciju razli\u010ditih materijala. Drvena obloga pobolj\u0161ava termi\u010dka i zvu\u010dna svojstva elementa. Dizajn drvene obloge je originalan i estetski jedinstven. <strong><a href=\"https:\/\/www.tehnomarket.com\/novi\/wp-content\/uploads\/2014\/06\/woodcolor.pdf\">Preuzmite ton kartu drveta.<\/a><\/strong><\/li>\n<li>Sistem omogu\u0107ava ugradnju namenskog Tehnomarket okova u EURO 1 \u017eljeb ili Eugen-Notter okova bez vidljivih \u0161arki.<\/li>\n<li>Osnovna spolja\u0161nja dimenzija \u0161toka od 65mm .<\/li>\n<\/ul>\n<p>&nbsp;<\/p>\n<div style=\"float: right; margin-right: 30%;\"><a class=\"btn_col\" href=\"https:\/\/www.tehnomarket.com\/novi\/?page_id=55\">Preuzmi<\/a><\/div>\n<h5>Preuzmite kataloge<\/h5>\n<\/div>\n<div id=\"tab-7\">\n<p class=\"bwWrapper\"><img loading=\"lazy\" decoding=\"async\" src=\"https:\/\/www.tehnomarket.com\/novi\/wp-content\/uploads\/2014\/06\/W-ST-81.jpg\" alt=\"profiliopstenamene\" width=\"298\" height=\"193\" \/><\/p>\n<p>Sistem LINEAL W-ST 81 je jedan od jedanaest iz serije LINEAL i predstavlja sistem aluminijumskih profila sa termi\u010dkim prekidom i masivnom drvenom oblogom sa unutra\u0161nje strane, specijalno projektovanih za izradu elemenata prozora i balkonskih vrata sa ugradnom dubinom \u0161toka od 81mm.Sistem je dizajniran tako da zadovoljava savremene zahteve na polju energetske efikasnosti, kao i ostale uslove nepohodne za bezbedan i udoban radni i \u017eivotni prostor.Prilikom projektovanja elemenata sistema posebna pa\u017enja je posve\u0107ena odabiru materijala koji vr\u0161e funkciju termi\u010dkog prekida u sklopu profila. Na ovaj na\u010din su postignute maksimalne termoizolacione karakteristike Uf\u22482,36W\/m\u00b2K, odnosno Uw\u22481,52W\/m\u00b2K.<\/p>\n<p><center><img decoding=\"async\" src=\"https:\/\/www.tehnomarket.com\/novi\/wp-content\/uploads\/2014\/07\/wst81presek5.jpg\" \/><center><\/center><\/center><\/p>\n<p class=\"bwWrapper\"><img loading=\"lazy\" decoding=\"async\" src=\"https:\/\/www.tehnomarket.com\/novi\/wp-content\/uploads\/2014\/07\/wdole3.jpg\" alt=\"prozorivrata\" width=\"298\" height=\"193\" \/><\/p>\n<ul>\n<li>Podr\u017eane ispune i staklo paketi od 16 do 37mm sa EPDM zaptivkama koje poseduju integrisanu barijeru protiv produvavanja.<\/li>\n<li>Zaptivanje u zoni spoja \u0161toka i krila je trostruko, preko tri trajno elasti\u010dne EPDM zaptivke otporne na UV zra\u010denje.<\/li>\n<li>Drvena masivna obloga sa unutra\u0161nje strane je od tvrdog drveta (hrast, bukva, mahagoni&#8230;) za\u0161ti\u0107ena razli\u010ditim tipovima ekolo\u0161ke za\u0161tite izuzetne postojanosti. Drveni profili su postavljeni na aluminijumsku nose\u0107u konstrukciju poliamidnim patent spojnicama koje dozvoljavaju me\u0111usobnu dilataciju razli\u010ditih materijala. Drvena obloga pobolj\u0161ava termi\u010dka i zvu\u010dna svojstva elementa. Dizajn drvene obloge je originalan i estetski jedinstven.<\/li>\n<li>Sistem omogu\u0107ava ugradnju namenskog Tehnomarket okova u EURO 1 \u017eljeb ili Eugen-Notter okova bez vidljivih \u0161arki.<\/li>\n<li>Osnovna spolja\u0161nja dimenzija \u0161toka od 65mm .<\/li>\n<\/ul>\n<p>&nbsp;<\/p>\n<div style=\"float: right; margin-right: 50%;\"><a class=\"btn_col\" href=\"\/novi\/katalozi\/lineal\/LINEAL W-ST 81 tehnicki opis-001-001.pdf\">Preuzmi<\/a><\/div>\n<h5>Preuzmite detaljan tehni\u010dki opis sistema<\/h5>\n<\/div>\n<div id=\"tab-8\">\n<p class=\"bwWrapper\"><img loading=\"lazy\" decoding=\"async\" src=\"https:\/\/www.tehnomarket.com\/novi\/wp-content\/uploads\/2014\/06\/W-PLUS-89.jpg\" alt=\"katalozi\" width=\"298\" height=\"193\" \/><\/p>\n<p>Sistem LINEAL W-PLUS 89 je jedan od jedanaest iz serije LINEAL i predstavlja sistem aluminijumskih profila sa termi\u010dkim prekidom i masivnom drvenom oblogom sa unutra\u0161nje strane, specijalno projektovanih za izradu elemenata prozora i balkonskih vrata sa ugradnom dubinom \u0161toka od 89mm.Sistem je dizajniran tako da zadovoljava savremene zahteve na polju energetske efikasnosti, kao i ostale uslove nepohodne za bezbedan i udoban radni i \u017eivotni prostor. Prilikom projektovanja elemenata sistema posebna pa\u017enja je posve\u0107ena odabiru materijala koji vr\u0161e funkciju termi\u010dkog prekida u sklopu profila. Na ovaj na\u010din su postignute maksimalne termoizolacione karakteristike Uf\u22482,10W\/m\u00b2K, odnosno Uw \u22481,13W\/m\u00b2K.<\/p>\n<p><center><img decoding=\"async\" src=\"https:\/\/www.tehnomarket.com\/novi\/wp-content\/uploads\/2014\/07\/wplus89presek5.jpg\" \/><center><\/center><\/center><\/p>\n<p class=\"bwWrapper\"><img loading=\"lazy\" decoding=\"async\" src=\"https:\/\/www.tehnomarket.com\/novi\/wp-content\/uploads\/2014\/07\/wdole2.jpg\" alt=\"prozorivrata\" width=\"298\" height=\"193\" \/><\/p>\n<ul>\n<li>Podr\u017eane ispune i staklo paketi od 26 do 46mm sa EPDM zaptivkama koje poseduju integrisanu barijeru protiv produvavanja.<\/li>\n<li>Zaptivanje u zoni spoja \u0161toka i krila je trostruko, preko tri trajno elasti\u010dne EPDM zaptivke otporne na UV zra\u010denje.<\/li>\n<li>Drvena masivna obloga sa unutra\u0161nje strane je od tvrdog drveta (hrast, bukva, mahagoni&#8230;) za\u0161ti\u0107ena razli\u010ditim tipovima akrilne za\u0161tite izuzetne postojanosti. Drveni profili su postavljeni na aluminijumsku nose\u0107u konstrukciju poliamidnim patent spojnicama koje dozvoljavaju me\u0111usobnu dilataciju razli\u010ditih materijala. Drvena obloga pobolj\u0161ava termi\u010dka i zvu\u010dna svojstva elementa. Dizajn drvene obloge je originalan i estetski jedinstven.<\/li>\n<li>Sistem omogu\u0107ava ugradnju namenskog Tehnomarket okova u EURO 1 \u017eljeb ili Eugen-Notter okova bez vidljivih \u0161arki.<\/li>\n<li>Osnovna spolja\u0161nja dimenzija \u0161toka od 65mm.<\/li>\n<\/ul>\n<p>&nbsp;<\/p>\n<div style=\"float: right; margin-right: 30%;\"><a class=\"btn_col\" href=\"\/novi\/katalozi\/lineal\/LINEAL W-PLUS 89 tehnicki opis-001-001.pdf\">Preuzmi<\/a><\/div>\n<h5>Preuzmite detaljan tehni\u010dki opis sistema<\/h5>\n<\/div>\n<div id=\"tab-9\">\n<p class=\"bwWrapper\"><img loading=\"lazy\" decoding=\"async\" src=\"https:\/\/www.tehnomarket.com\/novi\/wp-content\/uploads\/2014\/06\/wtherm894.jpg\" alt=\"katalozi\" width=\"298\" height=\"193\" \/><\/p>\n<p>Sistem LINEAL W-THERM 89 je jedan od jedanaest iz serije LINEAL i predstavlja sistem aluminijumskih profila sa termi\u010dkim prekidom i masivnom drvenom oblogom sa unutra\u0161nje strane, specijalno projektovanih za izradu elemenata prozora i balkonskih vrata sa ugradnom dubinom \u0161toka od 89mm. Sistem je dizajniran tako da zadovoljava savremene zahteve na polju energetske efikasnosti, kao i ostale uslove nepohodne za bezbedan i udoban radni i \u017eivotni prostor. Prilikom projektovanja elemenata sistema posebna pa\u017enja je posve\u0107ena odabiru materijala koji vr\u0161e funkciju termi\u010dkog prekida u sklopu profila. Na ovaj na\u010din postignute su maksimalne termoizolacione karakteristike Uf\u22481,89W\/m\u00b2K, odnosno Uw\u22480,99W\/m\u00b2K.<\/p>\n<p><center><img decoding=\"async\" src=\"https:\/\/www.tehnomarket.com\/novi\/wp-content\/uploads\/2014\/07\/wtherm89presek5.jpg\" \/><center><\/center><\/center><\/p>\n<p class=\"bwWrapper\"><img loading=\"lazy\" decoding=\"async\" src=\"https:\/\/www.tehnomarket.com\/novi\/wp-content\/uploads\/2014\/07\/wdole4.jpg\" alt=\"prozorivrata\" width=\"298\" height=\"193\" \/><\/p>\n<ul>\n<li>Podr\u017eane ispune i staklo paketi od 24 do 45mm sa EPDM zaptivkama koje poseduju integrisanu barijeru protiv produvavanja.<\/li>\n<li>Zaptivanje u zoni spoja \u0161toka i krila je trostruko, preko tri trajno elasti\u010dne EPDM zaptivke otporne na UV zra\u010denje.<\/li>\n<li>Drvena masivna obloga sa unutra\u0161nje strane je od tvrdog drveta (hrast, bukva, mahagoni&#8230;) za\u0161ti\u0107ena razli\u010ditim tipovima akrilne za\u0161tite izuzetne postojanosti. Drveni profili su postavljeni na aluminijumsku nose\u0107u konstrukciju poliamidnim patent spojnicama koje dozvoljavaju me\u0111usobnu dilataciju razli\u010ditih materijala. Drvena obloga pobolj\u0161ava termi\u010dka i zvu\u010dna svojstva elementa. Dizajn drvene obloge je originalan i estetski jedinstven.<\/li>\n<li>Izolaciona svojstva sistema potvr\u0111ena su kroz rezultate ispitivanja toplotnih performansi. Tako\u0111e, ispitivanja su ura\u0111ena i za otpornost na udare vetra, propu\u0161tanje vazduha i vode, kao i za zvu\u010dnu izolaciju<\/li>\n<li>Sistem omogu\u0107ava ugradnju namenskog Tehnomarket okova u EURO 1 \u017eljeb ili Eugen-Notter okova bez vidljivih \u0161arki.<\/li>\n<li>Osnovna spolja\u0161nja dimenzija \u0161toka od 65mm.<\/li>\n<\/ul>\n<p>&nbsp;<\/p>\n<div style=\"float: right; margin-right: 50%;\"><a class=\"btn_col\" href=\"\/novi\/katalozi\/lineal\/therm89tech.pdf\">Preuzmi<\/a><\/div>\n<h5>Preuzmite detaljan tehni\u010dki opis sistema<\/h5>\n<\/div>\n<div id=\"tab-10\">\n<p class=\"bwWrapper\"><img loading=\"lazy\" decoding=\"async\" src=\"https:\/\/www.tehnomarket.com\/novi\/wp-content\/uploads\/2014\/06\/W-THERM-104.jpg\" alt=\"katalozi\" width=\"298\" height=\"193\" \/><\/p>\n<p>Sistem LINEAL W-THERM 104 je jedan od jedanaest iz serije LINEAL i predstavlja sistem aluminijumskih profila sa termi\u010dkim prekidom i masivnom drvenom oblogom sa unutra\u0161nje strane, specijalno projektovanih za izradu elemenata prozora i balkonskih vrata sa ugradnom dubinom \u0161toka od 104mm. Sistem je dizajniran tako da zadovoljava savremene zahteve na polju energetske efikasnosti, kao i ostale uslove nepohodne za bezbedan i udoban radni i \u017eivotni prostor.Prilikom projektovanja elemenata sistema posebna pa\u017enja je posve\u0107ena odabiru materijala koji vr\u0161e funkciju termi\u010dkog prekida u sklopu profila. Na ovaj na\u010din postignute su maksimalne termoizolacione karakteristike Uf\u22481,20W\/m\u00b2K, odnosno Uw\u22480,79W\/m\u00b2K.<\/p>\n<p><center><img decoding=\"async\" src=\"https:\/\/www.tehnomarket.com\/novi\/wp-content\/uploads\/2014\/07\/wtherm104presek5.jpg\" \/><center><\/center><\/center><\/p>\n<p class=\"bwWrapper\"><img loading=\"lazy\" decoding=\"async\" src=\"https:\/\/www.tehnomarket.com\/novi\/wp-content\/uploads\/2014\/07\/wdole1.jpg\" alt=\"prozorivrata\" width=\"298\" height=\"193\" \/><\/p>\n<ul>\n<li>Podr\u017eane ispune i staklo paketi od 41 do 61mm sa EPDM zaptivkama koje poseduju integrisanu barijeru protiv produvavanja.<\/li>\n<li>Zaptivanje u zoni spoja \u0161toka i krila je trostruko, preko tri trajno elasti\u010dne EPDM zaptivke otporne na UV zra\u010denje.<\/li>\n<li>Drvena masivna obloga sa unutra\u0161nje strane je od tvrdog drveta (hrast, bukva, mahagoni&#8230;) za\u0161ti\u0107ena razli\u010ditim tipovima akrilne za\u0161tite izuzetne postojanosti. Drveni profili su postavljeni na aluminijumsku nose\u0107u konstrukciju poliamidnim patent spojnicama koje dozvoljavaju me\u0111usobnu dilataciju razli\u010ditih materijala. Drvena obloga pobolj\u0161ava termi\u010dka i zvu\u010dna svojstva elementa. Dizajn drvene obloge je originalan i estetski jedinstven.<\/li>\n<li>Izolaciona svojstva sistema potvr\u0111ena su kroz rezultate ispitivanja toplotnih performansi. Tako\u0111e, ispitivanja su ura\u0111ena i za otpornost na udare vetra, propu\u0161tanje vazduha i vode, kao i za zvu\u010dnu izolaciju<\/li>\n<li>Sistem omogu\u0107ava ugradnju namenskog Tehnomarket okova u EURO 1 \u017eljeb ili Eugen-Notter okova bez vidljivih \u0161arki.<\/li>\n<li>Osnovna spolja\u0161nja dimenzija \u0161toka od 65mm.<\/li>\n<\/ul>\n<p>&nbsp;<\/p>\n<div style=\"float: right; margin-right: 50%;\"><a class=\"btn_col\" href=\"\/novi\/katalozi\/lineal\/therm104tech.pdf\">Preuzmi<\/a><\/div>\n<h5>Preuzmite detaljan tehni\u010dki opis sistema<\/h5>\n<\/div>\n<\/div>\n<\/div>\n","protected":false},"excerpt":{"rendered":"<p>LINEAL aluminijum-drvo LINEAL W-ST 81 LINEAL W-PLUS 89 LINEAL W-THERM 89 LINEAL W-THERM 104 Idealna kombinacija postojanog i \u010dvrstog aluminijuma i plemenitog drveta kao unutra\u0161nje obloge, napravljena je da bi pru\u017eila vrhunski prozor, koji na najbolji mogu\u00e6i na\u00e8in oplemenjuje svaki [&hellip;]<\/p>\n","protected":false},"author":4,"featured_media":0,"parent":840,"menu_order":0,"comment_status":"closed","ping_status":"closed","template":"blank.php","meta":{"footnotes":""},"class_list":["post-5096","page","type-page","status-publish","hentry"],"_links":{"self":[{"href":"https:\/\/tehnomarket.com\/novi\/index.php?rest_route=\/wp\/v2\/pages\/5096","targetHints":{"allow":["GET"]}}],"collection":[{"href":"https:\/\/tehnomarket.com\/novi\/index.php?rest_route=\/wp\/v2\/pages"}],"about":[{"href":"https:\/\/tehnomarket.com\/novi\/index.php?rest_route=\/wp\/v2\/types\/page"}],"author":[{"embeddable":true,"href":"https:\/\/tehnomarket.com\/novi\/index.php?rest_route=\/wp\/v2\/users\/4"}],"replies":[{"embeddable":true,"href":"https:\/\/tehnomarket.com\/novi\/index.php?rest_route=%2Fwp%2Fv2%2Fcomments&post=5096"}],"version-history":[{"count":11,"href":"https:\/\/tehnomarket.com\/novi\/index.php?rest_route=\/wp\/v2\/pages\/5096\/revisions"}],"predecessor-version":[{"id":5175,"href":"https:\/\/tehnomarket.com\/novi\/index.php?rest_route=\/wp\/v2\/pages\/5096\/revisions\/5175"}],"up":[{"embeddable":true,"href":"https:\/\/tehnomarket.com\/novi\/index.php?rest_route=\/wp\/v2\/pages\/840"}],"wp:attachment":[{"href":"https:\/\/tehnomarket.com\/novi\/index.php?rest_route=%2Fwp%2Fv2%2Fmedia&parent=5096"}],"curies":[{"name":"wp","href":"https:\/\/api.w.org\/{rel}","templated":true}]}}