{"id":55,"date":"2013-02-22T18:42:42","date_gmt":"2013-02-22T18:42:42","guid":{"rendered":"http:\/\/192.168.1.4\/wordpress\/?page_id=55"},"modified":"2026-02-23T12:26:38","modified_gmt":"2026-02-23T11:26:38","slug":"katalozi","status":"publish","type":"page","link":"https:\/\/tehnomarket.com\/novi?page_id=55","title":{"rendered":"Katalozi"},"content":{"rendered":"<p><img decoding=\"async\" class=\"alignnone size-full wp-image-1406\" src=\"https:\/\/www.tehnomarket.com\/novi\/wp-content\/uploads\/2014\/07\/kat1.jpg\" alt=\"kat1\" width=\"100%\" height=\"auto\" \/><\/p>\n<div class=\"services_option2\">\n<div id=\"tabs\">\n<ul class=\"tab_select\">\n<li><a href=\"#tab-1\">Prozori i vrata<\/a><\/li>\n<li><a href=\"#tab-2\">Ostakljene fasade<\/a><\/li>\n<li><a href=\"#tab-3\">Ventilisane fasade<\/a><\/li>\n<li><a href=\"#tab-4\">Ostali katalozi<\/a><\/li>\n<li><a href=\"#tab-5\">Kompozitni paneli<\/a><\/li>\n<li><a href=\"#tab-6\">Solarni sistemi<\/a><\/li>\n<\/ul>\n<div id=\"tab-1\">\n<h5><strong>SISTEMI SA TERMO PREKIDOM<\/strong><\/h5>\n<h5><a title=\"LINEAL bro\u0161ura\" href=\"http:\/\/www.tehnomarket.rs\/novi\/katalozi\/PDF\/prozori_i_vrata\/lineal\/brochuresrb.pdf\" target=\"_blank\" rel=\"noopener noreferrer\">LINEAL bro\u0161ura<\/a><\/h5>\n<h5>dostupna na slede\u0107im jezicima: <a title=\"SRB\" href=\"http:\/\/www.tehnomarket.rs\/novi\/katalozi\/PDF\/prozori_i_vrata\/lineal\/brochuresrb.pdf\" target=\"_blank\" rel=\"noopener noreferrer\">SRB<\/a> <a title=\"ENG\" href=\"http:\/\/www.tehnomarket.rs\/novi\/katalozi\/PDF\/prozori_i_vrata\/lineal\/brochureeng.pdf\" target=\"_blank\" rel=\"noopener noreferrer\">ENG<\/a> <a title=\"GER\" href=\"http:\/\/www.tehnomarket.rs\/novi\/katalozi\/PDF\/prozori_i_vrata\/lineal\/brochureger.pdf\" target=\"_blank\" rel=\"noopener noreferrer\">GER<\/a> <a title=\"FR\" href=\"http:\/\/www.tehnomarket.rs\/novi\/katalozi\/PDF\/prozori_i_vrata\/lineal\/brochurefr.pdf\" target=\"_blank\" rel=\"noopener noreferrer\">FR<\/a> <a title=\"RUS\" href=\"http:\/\/www.tehnomarket.rs\/novi\/katalozi\/PDF\/prozori_i_vrata\/lineal\/brochurerus.pdf\" target=\"_blank\" rel=\"noopener noreferrer\">RUS<\/a> <a title=\"ITA\" href=\"http:\/\/www.tehnomarket.rs\/novi\/katalozi\/PDF\/prozori_i_vrata\/lineal\/brochureita.pdf\" target=\"_blank\" rel=\"noopener noreferrer\">ITA<\/a> <a title=\"ARAB\" href=\"http:\/\/www.tehnomarket.rs\/novi\/katalozi\/PDF\/prozori_i_vrata\/lineal\/lin2015arab.pdf\" target=\"_blank\" rel=\"noopener noreferrer\">ARAB<\/a><\/h5>\n<h5><a title=\"LINEAL pregled sistema\" href=\"http:\/\/www.tehnomarket.rs\/novi\/katalozi\/PDF\/prozori_i_vrata\/lineal\/LINEALpregled.pdf\" target=\"_blank\" rel=\"noopener noreferrer\">LINEAL pregled sistema<\/a><\/h5>\n<h5><a title=\"LINEAL tehni\u010dki katalog aluminium\" href=\"http:\/\/www.tehnomarket.rs\/novi\/katalozi\/PDF\/prozori_i_vrata\/lineal\/linealaluminium.pdf\" target=\"_blank\" rel=\"noopener noreferrer\">LINEAL tehni\u010dki katalog aluminium<\/a><\/h5>\n<h5><a title=\"LINEAL tehni\u010dki katalog aluminium - drvo\" href=\"http:\/\/www.tehnomarket.rs\/novi\/katalozi\/PDF\/prozori_i_vrata\/lineal\/LINEALaluminiumdrvo.pdf\" target=\"_blank\" rel=\"noopener noreferrer\">LINEAL tehni\u010dki katalog aluminium &#8211; drvo<\/a><\/h5>\n<h5><a title=\"TEHNOMARKET alu profili\" href=\"http:\/\/www.tehnomarket.rs\/novi\/katalozi\/PDF\/ostali_katalozi\/tm green.pdf\" target=\"_blank\" rel=\"noopener noreferrer\">TEHNOMARKET TMD 64 ECOL<\/a><\/h5>\n<p>&nbsp;<\/p>\n<h5><strong>KLIZNI SISTEMI<\/strong><\/h5>\n<h5><a title=\"SLIDE bro\u0161ura\" href=\"http:\/\/www.tehnomarket.rs\/novi\/katalozi\/PDF\/prozori_i_vrata\/SLIDE\/slidebrosurasrb.pdf\" target=\"_blank\" rel=\"noopener noreferrer\">SLIDE bro\u0161ura<\/a><\/h5>\n<h5>dostupna na slede\u0107im jezicima: <a title=\"SRB\" href=\"http:\/\/www.tehnomarket.rs\/novi\/katalozi\/PDF\/prozori_i_vrata\/SLIDE\/slidebrosurasrb.pdf\" target=\"_blank\" rel=\"noopener noreferrer\">SRB<\/a> <a title=\"ENG\" href=\"http:\/\/www.tehnomarket.rs\/novi\/katalozi\/PDF\/prozori_i_vrata\/SLIDE\/slidebrochureeng.pdf\" target=\"_blank\" rel=\"noopener noreferrer\">ENG<\/a> <a title=\"RUS\" href=\"http:\/\/www.tehnomarket.rs\/novi\/katalozi\/PDF\/prozori_i_vrata\/SLIDE\/slidebrochureger.pdf\" target=\"_blank\" rel=\"noopener noreferrer\">GER<\/a> <a title=\"RUS\" href=\"http:\/\/www.tehnomarket.rs\/novi\/katalozi\/PDF\/prozori_i_vrata\/SLIDE\/sliderus.pdf\" target=\"_blank\" rel=\"noopener noreferrer\">RUS<\/a><\/h5>\n<h5><a title=\"TEHNOMARKET klizni sistemi\" href=\"http:\/\/www.tehnomarket.rs\/\/novi\/katalozi\/PDF\/prozori_i_vrata\/SLIDE\/slidepregled.pdf\" target=\"_blank\" rel=\"noopener noreferrer\">TEHNOMARKET SLIDE pregled sistema<\/a><\/h5>\n<h5><a title=\"TEHNOMARKET klizni sistemi\" href=\"http:\/\/www.tehnomarket.rs\/\/novi\/katalozi\/PDF\/prozori_i_vrata\/SLIDE\/slidetehnicki2016.pdf\" target=\"_blank\" rel=\"noopener noreferrer\">TEHNOMARKET SLIDE tehni\u010dki katalog<\/a><\/h5>\n<h5><a title=\"SLIDE tehni\u010dki opisi\" href=\"http:\/\/www.tehnomarket.rs\/novi\/katalozi\/PDF\/prozori_i_vrata\/SLIDE\/slidet45techsrb.pdf\" target=\"_blank\" rel=\"noopener noreferrer\">SLIDE T45 tehni\u010dki opis<\/a><\/h5>\n<h5>dostupan na slede\u0107im jezicima: <a title=\"SRB\" href=\"http:\/\/www.tehnomarket.rs\/novi\/katalozi\/PDF\/prozori_i_vrata\/SLIDE\/slidet45techsrb.pdf\" target=\"_blank\" rel=\"noopener noreferrer\">SRB<\/a> <a title=\"ENG\" href=\"http:\/\/www.tehnomarket.rs\/novi\/katalozi\/PDF\/prozori_i_vrata\/SLIDE\/slidet45techeng.pdf\" target=\"_blank\" rel=\"noopener noreferrer\">ENG<\/a> <a title=\"RUS\" href=\"http:\/\/www.tehnomarket.rs\/novi\/katalozi\/PDF\/prozori_i_vrata\/SLIDE\/slidet45techrus.pdf\" target=\"_blank\" rel=\"noopener noreferrer\">RUS<\/a><\/h5>\n<h5><a title=\"SLIDE tehni\u010dki opisi\" href=\"http:\/\/www.tehnomarket.rs\/novi\/katalozi\/PDF\/prozori_i_vrata\/SLIDE\/slideh28techsrb.pdf\" target=\"_blank\" rel=\"noopener noreferrer\">SLIDE H28 tehni\u010dki opis<\/a><\/h5>\n<h5>dostupan na slede\u0107im jezicima: <a title=\"SRB\" href=\"http:\/\/www.tehnomarket.rs\/novi\/katalozi\/PDF\/prozori_i_vrata\/SLIDE\/slideh28techsrb.pdf\" target=\"_blank\" rel=\"noopener noreferrer\">SRB<\/a> <a title=\"ENG\" href=\"http:\/\/www.tehnomarket.rs\/novi\/katalozi\/PDF\/prozori_i_vrata\/SLIDE\/slideh28techeng.pdf\" target=\"_blank\" rel=\"noopener noreferrer\">ENG<\/a> <a title=\"RUS\" href=\"http:\/\/www.tehnomarket.rs\/novi\/katalozi\/PDF\/prozori_i_vrata\/SLIDE\/slideh28techrus.pdf\" target=\"_blank\" rel=\"noopener noreferrer\">RUS<\/a><\/h5>\n<p>&nbsp;<\/p>\n<h5><strong>SISTEMI BEZ TERMO PREKIDA<\/strong><\/h5>\n<h5><a title=\"TMH bro\u0161ura\" href=\"http:\/\/www.tehnomarket.rs\/novi\/katalozi\/PDF\/prozori_i_vrata\/TMH\/tmh45brosura.pdf\" target=\"_blank\" rel=\"noopener noreferrer\">TMH bro\u0161ura<\/a><\/h5>\n<h5>dostupna na slede\u0107im jezicima: <a title=\"SRB\" href=\"http:\/\/www.tehnomarket.rs\/novi\/katalozi\/PDF\/prozori_i_vrata\/TMH\/tmh45brosura.pdf\" target=\"_blank\" rel=\"noopener noreferrer\">SRB<\/a> <a title=\"ENG\" href=\"http:\/\/www.tehnomarket.rs\/novi\/katalozi\/PDF\/prozori_i_vrata\/TMH\/tmhbrochure.pdf\" target=\"_blank\" rel=\"noopener noreferrer\">ENG<\/a> <a title=\"ENG\" href=\"http:\/\/www.tehnomarket.rs\/novi\/katalozi\/PDF\/prozori_i_vrata\/TMH\/tmhbrochurerus.pdf\" target=\"_blank\" rel=\"noopener noreferrer\">RUS<\/a><\/h5>\n<h5><a title=\"TEHNOMARKET alu profili\" href=\"http:\/\/www.tehnomarket.rs\/novi\/katalozi\/PDF\/prozori_i_vrata\/TMH\/tmhpregled.pdf\" target=\"_blank\" rel=\"noopener noreferrer\">TEHNOMARKET TMH pregled sistema<\/a><\/h5>\n<h5><a title=\"TEHNOMARKET alu profili\" href=\"http:\/\/www.tehnomarket.rs\/novi\/katalozi\/PDF\/prozori_i_vrata\/TMH\/tmh45technical.pdf\" target=\"_blank\" rel=\"noopener noreferrer\">TEHNOMARKET TMH45 tehni\u010dki katalog<\/a><\/h5>\n<h5><a title=\"TEHNOMARKET alu profili\" href=\"http:\/\/www.tehnomarket.rs\/novi\/katalozi\/PDF\/prozori_i_vrata\/TMH\/interiop29brosura.pdf\" target=\"_blank\" rel=\"noopener noreferrer\">INTERIO bro\u0161ura<\/a><\/h5>\n<h5><a title=\"TEHNOMARKET alu profili\" href=\"http:\/\/www.tehnomarket.rs\/novi\/katalozi\/PDF\/prozori_i_vrata\/TMH\/interiop29pregled.pdf\" target=\"_blank\" rel=\"noopener noreferrer\">INTERIO pregled sistema<\/a><\/h5>\n<h5><a title=\"TEHNOMARKET alu profili\" href=\"http:\/\/www.tehnomarket.rs\/novi\/katalozi\/PDF\/prozori_i_vrata\/TMH\/sunpro.pdf\" target=\"_blank\" rel=\"noopener noreferrer\">SunPRO G45 grilje<\/a><\/h5>\n<h5><a title=\"TEHNOMARKET alu profili\" href=\"http:\/\/www.tehnomarket.rs\/novi\/katalozi\/PDF\/prozori_i_vrata\/TMH\/sunprog45technical.pdf\" target=\"_blank\" rel=\"noopener noreferrer\">SunPRO G45 tehnicki katalog<\/a><\/h5>\n<p>&nbsp;<\/p>\n<h5><strong>SPECIJALNI SISTEMI<\/strong><\/h5>\n<h5><a title=\"TEHNOMARKET TMB Blindirani sistemi\" href=\"http:\/\/www.tehnomarket.rs\/novi\/katalozi\/PDF\/prozori_i_vrata\/SPECIJALNI SISTEMi\/tmbbrosura.pdf\" target=\"_blank\" rel=\"noopener noreferrer\">TEHNOMARKET TMB Blindirani sistemi<\/a><\/h5>\n<h5>dostupna na slede\u0107im jezicima: <a title=\"SRB\" href=\"http:\/\/www.tehnomarket.rs\/novi\/katalozi\/PDF\/prozori_i_vrata\/SPECIJALNI SISTEMi\/tmbbrosura.pdf\" target=\"_blank\" rel=\"noopener noreferrer\">SRB<\/a> <a title=\"ENG\" href=\"https:\/\/www.tehnomarket.com\/novi\/katalozi\/PDF\/prozori_i_vrata\/SPECIJALNI SISTEMi\/tmbbrochure.pdf\" target=\"_blank\" rel=\"noopener noreferrer\">ENG<\/a><\/h5>\n<\/div>\n<div id=\"tab-2\">\n<h5><a title=\"ALUMINIK CS55 sistemi fasada\" href=\"http:\/\/www.tehnomarket.rs\/novi\/katalozi\/PDF\/ostakljene_fasade\/aluminik.pdf\" target=\"_blank\" rel=\"noopener noreferrer\">ALUMINIK CS55 bro\u0161ura<\/a><\/h5>\n<h5>dostupna na slede\u0107im jezicima: <a title=\"SRB\" href=\"http:\/\/www.tehnomarket.rs\/novi\/katalozi\/PDF\/ostakljene_fasade\/aluminik.pdf\" target=\"_blank\" rel=\"noopener noreferrer\">SRB<\/a> <a title=\"ENG\" href=\"http:\/\/www.tehnomarket.rs\/novi\/katalozi\/PDF\/ostakljene_fasade\/aluminikeng.pdf\" target=\"_blank\" rel=\"noopener noreferrer\">ENG<\/a> <a title=\"FR\" href=\"http:\/\/www.tehnomarket.rs\/novi\/katalozi\/PDF\/ostakljene_fasade\/aluminikcs55fr.pdf\" target=\"_blank\" rel=\"noopener noreferrer\">FR<\/a> <a title=\"RUS\" href=\"http:\/\/www.tehnomarket.rs\/novi\/katalozi\/PDF\/ostakljene_fasade\/aluminikbrochureger.pdf\" target=\"_blank\" rel=\"noopener noreferrer\">GER<\/a> <a title=\"RUS\" href=\"http:\/\/www.tehnomarket.rs\/novi\/katalozi\/PDF\/ostakljene_fasade\/aluminikrus.pdf\" target=\"_blank\" rel=\"noopener noreferrer\">RUS<\/a><\/h5>\n<h5><a title=\"ALUMINIK CS55 sistemi fasada\" href=\"http:\/\/www.tehnomarket.rs\/novi\/katalozi\/PDF\/ostakljene_fasade\/aluminikpregled.pdf\" target=\"_blank\" rel=\"noopener noreferrer\">ALUMINIK CS55 pregled sistema<\/a><\/h5>\n<h5><a title=\"ALUMINIK CS55 sistemi fasada\" href=\"http:\/\/www.tehnomarket.rs\/novi\/katalozi\/PDF\/ostakljene_fasade\/aluminiktechnical2018.pdf\" target=\"_blank\" rel=\"noopener noreferrer\">ALUMINIK CS55 tehni\u010dki katalog<\/a><\/h5>\n<h5><a title=\"TMF 55 sistemi fasada\" href=\"http:\/\/www.tehnomarket.rs\/novi\/katalozi\/PDF\/ostakljene_fasade\/tmf_55.pdf\" target=\"_blank\" rel=\"noopener noreferrer\">TMF 55 sistemi fasada<\/a><\/h5>\n<\/div>\n<div id=\"tab-3\">\n<h5><a title=\"VENT bro\u0161ura\" href=\"http:\/\/www.tehnomarket.rs\/novi\/katalozi\/PDF\/ventilisane_fasade\/ventbrosura.pdf\" target=\"_blank\" rel=\"noopener noreferrer\">VENT bro\u0161ura<\/a><\/h5>\n<h5>dostupna na slede\u0107im jezicima: <a title=\"SRB\" href=\"http:\/\/www.tehnomarket.rs\/novi\/katalozi\/PDF\/ventilisane_fasade\/ventbrosura.pdf\" target=\"_blank\" rel=\"noopener noreferrer\">SRB<\/a> <a title=\"ENG\" href=\"https:\/\/www.tehnomarket.com\/novi\/katalozi\/PDF\/ventilisane_fasade\/ventbrochure.pdf\" target=\"_blank\" rel=\"noopener noreferrer\">ENG<\/a> <a title=\"FR\" href=\"https:\/\/www.tehnomarket.com\/novi\/katalozi\/PDF\/ventilisane_fasade\/ventbrochurefr.pdf\" target=\"_blank\" rel=\"noopener noreferrer\">FR<\/a> <a title=\"RUS\" href=\"https:\/\/www.tehnomarket.com\/novi\/katalozi\/PDF\/ventilisane_fasade\/ventbrochureger.pdf\" target=\"_blank\" rel=\"noopener noreferrer\">GER<\/a> <a title=\"RUS\" href=\"https:\/\/www.tehnomarket.com\/novi\/katalozi\/PDF\/ventilisane_fasade\/ventbrochurerus.pdf\" target=\"_blank\" rel=\"noopener noreferrer\">RUS<\/a><\/h5>\n<h5><a title=\"VENT pregled sistema\" href=\"http:\/\/www.tehnomarket.rs\/novi\/katalozi\/PDF\/ventilisane_fasade\/ventpregledv2.pdf\" target=\"_blank\" rel=\"noopener noreferrer\">VENT pregled sistema<\/a><\/h5>\n<h5><a title=\"VENT pregled sistema\" href=\"http:\/\/www.tehnomarket.rs\/novi\/katalozi\/PDF\/ventilisane_fasade\/ventaquapanel.pdf\" target=\"_blank\" rel=\"noopener noreferrer\">VENT &#8211; KNAUF AQUAPANEL pregled sistema<\/a><\/h5>\n<h5><a title=\"VENT tehni\u010dki katalog\" href=\"http:\/\/www.tehnomarket.rs\/novi\/katalozi\/PDF\/ventilisane_fasade\/venttechnical.pdf\" target=\"_blank\" rel=\"noopener noreferrer\">VENT tehni\u010dki katalog<\/a><\/h5>\n<h5><a title=\"TEHNOMARKET ventilisani profili\" href=\"http:\/\/www.tehnomarket.rs\/novi\/katalozi\/PDF\/ventilisane_fasade\/tmtp2015.pdf\" target=\"_blank\" rel=\"noopener noreferrer\">TEHNOMARKET TMTP<\/a><\/h5>\n<h5><strong>Tehni\u010dki opisi kasetnih VENT sistema podkonstrukcije <\/strong><\/h5>\n<h5><a title=\"LINEAL bro\u0161ura\" href=\"http:\/\/www.tehnomarket.rs\/novi\/katalozi\/PDF\/ventilisane_fasade\/teh\/vent_box_srb.pdf\" target=\"_blank\" rel=\"noopener noreferrer\">BOX<\/a><\/h5>\n<h5><a title=\"LINEAL bro\u0161ura\" href=\"http:\/\/www.tehnomarket.rs\/novi\/katalozi\/PDF\/ventilisane_fasade\/teh\/vent_slider_srb.pdf\" target=\"_blank\" rel=\"noopener noreferrer\">SLIDER<\/a><\/h5>\n<h5><a title=\"LINEAL bro\u0161ura\" href=\"http:\/\/www.tehnomarket.rs\/novi\/katalozi\/PDF\/ventilisane_fasade\/teh\/vent_bolt_srb.pdf\" target=\"_blank\" rel=\"noopener noreferrer\">BOLT<\/a><\/h5>\n<h5><a title=\"LINEAL bro\u0161ura\" href=\"http:\/\/www.tehnomarket.rs\/novi\/katalozi\/PDF\/ventilisane_fasade\/teh\/vent_gasket_srb.pdf\" target=\"_blank\" rel=\"noopener noreferrer\">GASKET<\/a><\/h5>\n<h5><a title=\"LINEAL bro\u0161ura\" href=\"http:\/\/www.tehnomarket.rs\/novi\/katalozi\/PDF\/ventilisane_fasade\/teh\/vent_fit_srb.pdf\" target=\"_blank\" rel=\"noopener noreferrer\">FIT<\/a><\/h5>\n<h5><strong>Tehni\u010dki opisi panelnih VENT sistema podkonstrukcije <\/strong><\/h5>\n<h5><a title=\"LINEAL bro\u0161ura\" href=\"http:\/\/www.tehnomarket.rs\/novi\/katalozi\/PDF\/ventilisane_fasade\/teh\/vent_rivet_srb.pdf\" target=\"_blank\" rel=\"noopener noreferrer\">RIVET<\/a><\/h5>\n<h5><a title=\"LINEAL bro\u0161ura\" href=\"http:\/\/www.tehnomarket.rs\/novi\/katalozi\/PDF\/ventilisane_fasade\/teh\/vent_hide_srb.pdf\" target=\"_blank\" rel=\"noopener noreferrer\">HIDE<\/a><\/h5>\n<h5><a title=\"LINEAL bro\u0161ura\" href=\"http:\/\/www.tehnomarket.rs\/novi\/katalozi\/PDF\/ventilisane_fasade\/teh\/vent_tack_srb.pdf\" target=\"_blank\" rel=\"noopener noreferrer\">TACK<\/a><\/h5>\n<h5><a title=\"LINEAL bro\u0161ura\" href=\"http:\/\/www.tehnomarket.rs\/novi\/katalozi\/PDF\/ventilisane_fasade\/teh\/vent_stone_srb.pdf\" target=\"_blank\" rel=\"noopener noreferrer\">STONE<\/a><\/h5>\n<h5><a title=\"LINEAL bro\u0161ura\" href=\"http:\/\/www.tehnomarket.rs\/novi\/katalozi\/PDF\/ventilisane_fasade\/teh\/vent_continual_srb.pdf\" target=\"_blank\" rel=\"noopener noreferrer\">CONTINUAL<\/a><\/h5>\n<h5><a title=\"LINEAL bro\u0161ura\" href=\"http:\/\/www.tehnomarket.rs\/novi\/katalozi\/PDF\/ventilisane_fasade\/teh\/VENT-ROCKtehnicki.pdf\" target=\"_blank\" rel=\"noopener noreferrer\">ROCK<\/a><\/h5>\n<\/div>\n<div id=\"tab-4\">\n<h5><a title=\"TEHNOMARKET alu profili\" href=\"http:\/\/www.tehnomarket.rs\/novi\/katalozi\/PDF\/tmportfolioeng.pdf\" target=\"_blank\" rel=\"noopener noreferrer\">TEHNOMARKET- Portfolio kompanije<\/a><\/h5>\n<h5><a title=\"TEHNOMARKET alu profili\" href=\"http:\/\/www.tehnomarket.rs\/novi\/katalozi\/PDF\/trgovacki2017.pdf\" target=\"_blank\" rel=\"noopener noreferrer\">TEHNOMARKET trgova\u010dki profili<\/a><\/h5>\n<h5><a title=\"TEHNOMARKET alu profili\" href=\"http:\/\/www.tehnomarket.rs\/novi\/katalozi\/PDF\/tmplastifikacija.pdf\" target=\"_blank\" rel=\"noopener noreferrer\">TEHNOMARKET &#8211; Plastifikacija aluminijumskih profila<\/a><\/h5>\n<h5><a title=\"TEHNOMARKET alu profili\" href=\"http:\/\/www.tehnomarket.rs\/novi\/katalozi\/PDF\/prozori_i_vrata\/TMH\/tfencebrosura.pdf\" target=\"_blank\" rel=\"noopener noreferrer\">T-FENCE bro\u0161ura<\/a><\/h5>\n<h5><a title=\"TEHNOMARKET alu profili\" href=\"http:\/\/www.tehnomarket.rs\/novi\/katalozi\/PDF\/prozori_i_vrata\/TMH\/tfencepregled.pdf\" target=\"_blank\" rel=\"noopener noreferrer\">T-FENCE pregled sistema<\/a><\/h5>\n<\/div>\n<div id=\"tab-5\">\n<h5><strong>TON KARTE<\/strong><\/h5>\n<h5><a title=\"Larson\" href=\"http:\/\/www.tehnomarket.rs\/novi\/katalozi\/PDF\/larson\/colourchart.pdf\" target=\"_blank\" rel=\"noopener noreferrer\">Larson ton karta standardnih boja: Solid, Metalic<\/a><\/h5>\n<h5><a title=\"ALUMINIK CS55 sistemi fasada\" href=\"http:\/\/www.tehnomarket.rs\/novi\/katalozi\/PDF\/larson\/colourchartspecials.pdf\" target=\"_blank\" rel=\"noopener noreferrer\">Larson ton karta specijalnih dezena: Mirror, Holo, Anodized, Texture<\/a><\/h5>\n<h5><a title=\"ALUMINIK CS55 sistemi fasada\" href=\"http:\/\/www.tehnomarket.rs\/novi\/katalozi\/PDF\/larson\/colourchartwood.pdf\" target=\"_blank\" rel=\"noopener noreferrer\">Larson ton karta Wood dezena<\/a><\/h5>\n<h5><a title=\"TMF 55 sistemi fasada\" href=\"http:\/\/www.tehnomarket.rs\/novi\/katalozi\/PDF\/larson\/colourchartmetals.pdf\" target=\"_blank\" rel=\"noopener noreferrer\">Larson ton karta metalnih kompozitnih panela<\/a><\/h5>\n<\/div>\n<div id=\"tab-6\">\n<h5><a title=\"SOLAR\" href=\"http:\/\/www.tehnomarket.rs\/novi\/katalozi\/PDF\/solar-brochure.pdf\" target=\"_blank\" rel=\"noopener noreferrer\">SOLAR bro\u0161ura<\/a><\/h5>\n<h5>dostupna na slede\u0107im jezicima: <a title=\"SRB\" href=\"http:\/\/www.tehnomarket.rs\/novi\/katalozi\/PDF\/solar-brochure.pdf\" target=\"_blank\" rel=\"noopener noreferrer\">SRB<\/a> <a title=\"ENG\" href=\"http:\/\/www.tehnomarket.rs\/novi\/katalozi\/PDF\/solar-brochure.pdf\" target=\"_blank\" rel=\"noopener noreferrer\">ENG<\/a> <a title=\"FR\" href=\"http:\/\/www.tehnomarket.rs\/novi\/katalozi\/PDF\/solarbrochurefr.pdf\" target=\"_blank\" rel=\"noopener noreferrer\">FR<\/a><\/h5>\n<h5><a title=\"SOLAR\" href=\"http:\/\/www.tehnomarket.rs\/novi\/katalozi\/PDF\/solar22.pdf\" target=\"_blank\" rel=\"noopener noreferrer\">SOLAR katalog i pregled sistema<\/a><\/h5>\n<h5>dostupna na slede\u0107im jezicima: <a title=\"SRB\" href=\"http:\/\/www.tehnomarket.rs\/novi\/katalozi\/PDF\/solar22.pdf\" target=\"_blank\" rel=\"noopener noreferrer\">SRB<\/a> <a title=\"ENG\" href=\"http:\/\/www.tehnomarket.rs\/novi\/katalozi\/PDF\/solar22.pdf\" target=\"_blank\" rel=\"noopener noreferrer\">ENG<\/a> <a title=\"FR\" href=\"http:\/\/www.tehnomarket.rs\/novi\/katalozi\/PDF\/solartechfr.pdf\" target=\"_blank\" rel=\"noopener noreferrer\">FR<\/a><\/h5>\n<\/div>\n<\/div>\n<\/div>\n","protected":false},"excerpt":{"rendered":"<p>Prozori i vrata Ostakljene fasade Ventilisane fasade Ostali katalozi Kompozitni paneli Solarni sistemi SISTEMI SA TERMO PREKIDOM LINEAL bro\u0161ura dostupna na slede\u0107im jezicima: SRB ENG GER FR RUS ITA ARAB LINEAL pregled sistema LINEAL tehni\u010dki katalog aluminium LINEAL tehni\u010dki katalog [&hellip;]<\/p>\n","protected":false},"author":4,"featured_media":0,"parent":0,"menu_order":0,"comment_status":"open","ping_status":"closed","template":"full_width.php","meta":{"footnotes":""},"class_list":["post-55","page","type-page","status-publish","hentry"],"_links":{"self":[{"href":"https:\/\/tehnomarket.com\/novi\/index.php?rest_route=\/wp\/v2\/pages\/55","targetHints":{"allow":["GET"]}}],"collection":[{"href":"https:\/\/tehnomarket.com\/novi\/index.php?rest_route=\/wp\/v2\/pages"}],"about":[{"href":"https:\/\/tehnomarket.com\/novi\/index.php?rest_route=\/wp\/v2\/types\/page"}],"author":[{"embeddable":true,"href":"https:\/\/tehnomarket.com\/novi\/index.php?rest_route=\/wp\/v2\/users\/4"}],"replies":[{"embeddable":true,"href":"https:\/\/tehnomarket.com\/novi\/index.php?rest_route=%2Fwp%2Fv2%2Fcomments&post=55"}],"version-history":[{"count":15,"href":"https:\/\/tehnomarket.com\/novi\/index.php?rest_route=\/wp\/v2\/pages\/55\/revisions"}],"predecessor-version":[{"id":6684,"href":"https:\/\/tehnomarket.com\/novi\/index.php?rest_route=\/wp\/v2\/pages\/55\/revisions\/6684"}],"wp:attachment":[{"href":"https:\/\/tehnomarket.com\/novi\/index.php?rest_route=%2Fwp%2Fv2%2Fmedia&parent=55"}],"curies":[{"name":"wp","href":"https:\/\/api.w.org\/{rel}","templated":true}]}}