{"id":829,"date":"2014-06-07T10:23:46","date_gmt":"2014-06-07T10:23:46","guid":{"rendered":"http:\/\/www.tehnomarket.com\/novi\/?page_id=829"},"modified":"2026-02-23T12:38:40","modified_gmt":"2026-02-23T11:38:40","slug":"cnc-obrada","status":"publish","type":"page","link":"https:\/\/tehnomarket.com\/novi?page_id=829","title":{"rendered":"CNC obrada"},"content":{"rendered":"<p><img loading=\"lazy\" decoding=\"async\" class=\"alignnone size-full wp-image-1173\" src=\"https:\/\/www.tehnomarket.com\/novi\/wp-content\/uploads\/2014\/07\/cncmasina.jpg\" alt=\"full width nova\" width=\"949\" height=\"341\" \/><\/p>\n<p>CNC obrada LARSON aluminijumskih kompozitnih panela podrazumeva se\u010denje, \u017eljebovanje, bu\u0161enje, otvaranje otvora i niz ostalih postupaka kojima se paneli pripremaju za finalnu ugradnju na fasadu objekta. Nudimo uslugu obrade na savremenom Mecanumeric CNC obradnom centru dimenzija stola 2000x4000mm.<\/p>\n<p>Krojne liste se pripremaju u .dwg ili .dxf formatu. Za detaljnije informacije preuzmite primer <a href=\"http:\/\/www.tehnomarket.rs\/novi\/katalozi\/tehnomarket.dwg\"> DWG <\/a> ili <a href=\"http:\/\/www.tehnomarket.rs\/novi\/katalozi\/tehnomarket1.dxf\">DXF <\/a>\u00a0krojne liste, kao i <a href=\"http:\/\/www.tehnomarket.rs\/novi\/katalozi\/PDF\/tehnomarket_instr.pdf\">uputstvo za formiranje krojnih lista.<\/a><\/p>\n","protected":false},"excerpt":{"rendered":"<p>CNC obrada LARSON aluminijumskih kompozitnih panela podrazumeva se\u010denje, \u017eljebovanje, bu\u0161enje, otvaranje otvora i niz ostalih postupaka kojima se paneli pripremaju za finalnu ugradnju na fasadu objekta. Nudimo uslugu obrade na savremenom Mecanumeric CNC obradnom centru dimenzija stola 2000x4000mm. Krojne liste [&hellip;]<\/p>\n","protected":false},"author":4,"featured_media":0,"parent":0,"menu_order":0,"comment_status":"open","ping_status":"closed","template":"full_width.php","meta":{"footnotes":""},"class_list":["post-829","page","type-page","status-publish","hentry"],"_links":{"self":[{"href":"https:\/\/tehnomarket.com\/novi\/index.php?rest_route=\/wp\/v2\/pages\/829","targetHints":{"allow":["GET"]}}],"collection":[{"href":"https:\/\/tehnomarket.com\/novi\/index.php?rest_route=\/wp\/v2\/pages"}],"about":[{"href":"https:\/\/tehnomarket.com\/novi\/index.php?rest_route=\/wp\/v2\/types\/page"}],"author":[{"embeddable":true,"href":"https:\/\/tehnomarket.com\/novi\/index.php?rest_route=\/wp\/v2\/users\/4"}],"replies":[{"embeddable":true,"href":"https:\/\/tehnomarket.com\/novi\/index.php?rest_route=%2Fwp%2Fv2%2Fcomments&post=829"}],"version-history":[{"count":1,"href":"https:\/\/tehnomarket.com\/novi\/index.php?rest_route=\/wp\/v2\/pages\/829\/revisions"}],"predecessor-version":[{"id":6770,"href":"https:\/\/tehnomarket.com\/novi\/index.php?rest_route=\/wp\/v2\/pages\/829\/revisions\/6770"}],"wp:attachment":[{"href":"https:\/\/tehnomarket.com\/novi\/index.php?rest_route=%2Fwp%2Fv2%2Fmedia&parent=829"}],"curies":[{"name":"wp","href":"https:\/\/api.w.org\/{rel}","templated":true}]}}