{"id":873,"date":"2014-06-07T11:25:42","date_gmt":"2014-06-07T11:25:42","guid":{"rendered":"http:\/\/www.tehnomarket.com\/novi\/?page_id=873"},"modified":"2026-02-23T12:33:25","modified_gmt":"2026-02-23T11:33:25","slug":"tmb-sigurnosni-sistemi","status":"publish","type":"page","link":"https:\/\/tehnomarket.com\/novi?page_id=873","title":{"rendered":"TMB 78 sigurnosni sistemi"},"content":{"rendered":"<div class=\"services_option2\">\n<div id=\"tabs\">\n<div id=\"tab-1\">\n<p class=\"bwWrapper\"><img loading=\"lazy\" decoding=\"async\" src=\"https:\/\/www.tehnomarket.com\/novi\/wp-content\/uploads\/2014\/06\/blindo1.png\" alt=\"vent\" width=\"298\" height=\"193\" \/><\/p>\n<p>Tehnomarket TMB78 sistemi blindiranih prozora predstavljaju specijalne proizvode namenjene za bezbednost i za\u0161titu. Sistemska re\u0161enja i oja\u010danja od posebnih materijala garantuju izuzetan nivo za\u0161tite koji se mo\u017ee prilagoditi specifi\u010dnim zahtevima svakog pojedina\u010dnog projekta.<\/p>\n<ul>\n<li>Proizvod specijalne namene<\/li>\n<li>Razli\u010diti nivoi za\u0161tite<\/li>\n<li>Fleksibilna re\u0161enja za specifi\u010dne projekte<\/li>\n<\/ul>\n<p>&nbsp;<\/p>\n<h5>Preuzmite kataloge<\/h5>\n<div class=\"buttons c_after\"><a class=\"btn_m\" href=\"https:\/\/www.tehnomarket.com\/novi\/?page_id=55\">Preuzmi<\/a><\/div>\n<\/div>\n<\/div>\n<\/div>\n","protected":false},"excerpt":{"rendered":"<p>Tehnomarket TMB78 sistemi blindiranih prozora predstavljaju specijalne proizvode namenjene za bezbednost i za\u0161titu. Sistemska re\u0161enja i oja\u010danja od posebnih materijala garantuju izuzetan nivo za\u0161tite koji se mo\u017ee prilagoditi specifi\u010dnim zahtevima svakog pojedina\u010dnog projekta. Proizvod specijalne namene Razli\u010diti nivoi za\u0161tite Fleksibilna [&hellip;]<\/p>\n","protected":false},"author":4,"featured_media":0,"parent":0,"menu_order":0,"comment_status":"open","ping_status":"closed","template":"blank.php","meta":{"footnotes":""},"class_list":["post-873","page","type-page","status-publish","hentry"],"_links":{"self":[{"href":"https:\/\/tehnomarket.com\/novi\/index.php?rest_route=\/wp\/v2\/pages\/873","targetHints":{"allow":["GET"]}}],"collection":[{"href":"https:\/\/tehnomarket.com\/novi\/index.php?rest_route=\/wp\/v2\/pages"}],"about":[{"href":"https:\/\/tehnomarket.com\/novi\/index.php?rest_route=\/wp\/v2\/types\/page"}],"author":[{"embeddable":true,"href":"https:\/\/tehnomarket.com\/novi\/index.php?rest_route=\/wp\/v2\/users\/4"}],"replies":[{"embeddable":true,"href":"https:\/\/tehnomarket.com\/novi\/index.php?rest_route=%2Fwp%2Fv2%2Fcomments&post=873"}],"version-history":[{"count":2,"href":"https:\/\/tehnomarket.com\/novi\/index.php?rest_route=\/wp\/v2\/pages\/873\/revisions"}],"predecessor-version":[{"id":6839,"href":"https:\/\/tehnomarket.com\/novi\/index.php?rest_route=\/wp\/v2\/pages\/873\/revisions\/6839"}],"wp:attachment":[{"href":"https:\/\/tehnomarket.com\/novi\/index.php?rest_route=%2Fwp%2Fv2%2Fmedia&parent=873"}],"curies":[{"name":"wp","href":"https:\/\/api.w.org\/{rel}","templated":true}]}}