{"id":875,"date":"2014-06-07T11:26:25","date_gmt":"2014-06-07T11:26:25","guid":{"rendered":"http:\/\/www.tehnomarket.com\/novi\/?page_id=875"},"modified":"2026-02-23T12:31:48","modified_gmt":"2026-02-23T11:31:48","slug":"tmh45-tmhl30-hladna-serija","status":"publish","type":"page","link":"https:\/\/tehnomarket.com\/novi?page_id=875","title":{"rendered":"TMH45 &#038; TMHL30 hladna serija"},"content":{"rendered":"<p><script><span data-mce-type=\"bookmark\" style=\"display: inline-block; width: 0px; overflow: hidden; line-height: 0;\" class=\"mce_SELRES_start\">\ufeff<\/span>\n  (function(i,s,o,g,r,a,m){i['GoogleAnalyticsObject']=r;i[r]=i[r]||function(){\n  (i[r].q=i[r].q||[]).push(arguments)},i[r].l=1*new Date();a=s.createElement(o),\n  m=s.getElementsByTagName(o)[0];a.async=1;a.src=g;m.parentNode.insertBefore(a,m)\n  })(window,document,'script','\/\/www.google-analytics.com\/analytics.js','ga');<\/p>\n<p>  ga('create', 'UA-59517940-1', 'auto');\n  ga('send', 'pageview');<\/p>\n<p><\/script><\/p>\n<div class=\"services_option2\">\n<div id=\"tabs\">\n<ul class=\"tab_select\">\n<li><a href=\"#tab-1\">TMH serija<\/a><\/li>\n<li><a href=\"#tab-2\">TMH 45<\/a><\/li>\n<li><a href=\"#tab-3\">TMHL 30<\/a><\/li>\n<\/ul>\n<div id=\"tab-1\">\n<p class=\"bwWrapper\"><img loading=\"lazy\" decoding=\"async\" src=\"https:\/\/www.tehnomarket.com\/novi\/wp-content\/uploads\/2014\/06\/tmh1.jpg\" alt=\"vent\" width=\"298\" height=\"193\" \/><\/p>\n<p>Tehnomarket TMH45 i TMHL30 sistemi bez prekida termo mosta predstavljaju idealna re\u0161enja za moderne enterijere, poslovne zgrade kao i objekte koji ne zahtevaju toplotnu izolaciju.<\/p>\n<p>Sistemi ovoga tipa imaju dominantnu primenu najpre u enterijeru, a zatim i na spoljnim fasadama objekata gde ne postoji potreba za grejanjem ili gde je klima blaga, bez velikih temperaturnih razlika izme\u00f0u spoljnog i unutra\u0161njeg prostora. U slu\u010daju enterijera, najvi\u0161e se koriste za izradu unutra\u0161njih punih i ostakljenih pregrada, sa i bez vrata, u okviru poslovnih i radnih prostora. U savremenoj arhitekturi tako\u0111e nalaze sve \u0161iru primenu unutar stambenih prostora modernog koncepta, gde je staklo vi\u0161e zastupljeno i predstavljaju atraktivnu zamenu za tradicionalne pune pregradne zidove, dok dvostruko zaptivanje, mogu\u0107nost izrade elemenata velikih dimenzija i opcija jednostrukog ili dvostrukog stakla \u010dine efikasan, fleksibilan sistem za najrazli\u010ditije namene.<\/p>\n<p><center><img decoding=\"async\" src=\"https:\/\/www.tehnomarket.com\/novi\/wp-content\/uploads\/2014\/06\/tmhtab.jpg\" \/><center><\/center><\/center><\/p>\n<p class=\"bwWrapper\"><img loading=\"lazy\" decoding=\"async\" src=\"https:\/\/www.tehnomarket.com\/novi\/wp-content\/uploads\/2014\/06\/tmhdole.jpg\" alt=\"prozorivrata\" width=\"298\" height=\"193\" \/><\/p>\n<ul>\n<li>Za primenu u enterijeru, blagoj klimi i objektima koji ne zahtevaju izolaciju.<\/li>\n<li>Dve opcije povr\u0161inske za\u0161tite: plastifikacija po RAL ton karti ili eloksa\u017ea.<\/li>\n<li>Mogu\u0107nost izrade elemenata velikih dimenzija.<\/li>\n<\/ul>\n<p>&nbsp;<\/p>\n<div style=\"float: right; margin-right: 30%;\"><a class=\"btn_col\" href=\"https:\/\/www.tehnomarket.com\/novi\/?page_id=55\">Preuzmi<\/a><\/div>\n<h5>Preuzmite kataloge<\/h5>\n<\/div>\n<div id=\"tab-2\">\n<p class=\"bwWrapper\"><img loading=\"lazy\" decoding=\"async\" src=\"https:\/\/www.tehnomarket.com\/novi\/wp-content\/uploads\/2014\/06\/tmh451.jpg\" alt=\"fasade\" width=\"298\" height=\"193\" \/><\/p>\n<p>Ovaj sistem bez termi\u010dkog prekida odlikuje se dubinom ugradnje od 45mm i velikim brojem raznovrsnih profila koji omogu\u0107avaju najrazli\u00e8itije kombinovanje i izglede gotovih enterijerskih i eksterijerskih elemenata. Svoju naj\u0161iru primenu pronalazi arhitekturi i gra\u0111evinarstvu u izradi prozora, vrata, pregrada i portala.<\/p>\n<p>Sistem je dizaniran tako da omogu\u0107i primenu kompaktnih ili slojevitih punih, jednostrukih i dvostrukih staklenih ispuna u debljinama od 4mm do 30mm. Kod svih otvorivih elemenata obezbe\u0111eno je dvostruko dihtovanje EPDM zaptivkama od kojih je kod prozora i balkonskih vrata jedno centralno.<\/p>\n<p>Robusni dizajn aluminijumskih profila i posebnih stati\u010dkih elemenata omogu\u00e6ava izradu pregrada i portala visina i do 3,5 metara, koji se mogu nadovezivati u dugom nizu u istoj ravni ili pod razli\u010ditim uglovima u opsegu od 33 do 200\u00b0.<\/p>\n<p><center><img decoding=\"async\" src=\"https:\/\/www.tehnomarket.com\/novi\/wp-content\/uploads\/2014\/06\/tmh45presek2.jpg\" \/><center><\/center><\/center><\/p>\n<p class=\"bwWrapper\"><img loading=\"lazy\" decoding=\"async\" src=\"https:\/\/www.tehnomarket.com\/novi\/wp-content\/uploads\/2014\/06\/tmh45dole.jpg\" alt=\"prozorivrata\" width=\"298\" height=\"193\" \/><\/p>\n<ul>\n<li>Velika nosivost i stabilnost sistema.<\/li>\n<li>Podr\u017eane ispune od 4 do 30mm.<\/li>\n<li>Zaptivanje u zoni spoja \u0161toka i krila je dvostruko, preko dve trajno elasti\u010dne EPDM zaptivke otporne na UV zra\u010denje.<\/li>\n<li>\u0160irina krila od 45mm.<\/li>\n<\/ul>\n<p>&nbsp;<\/p>\n<div style=\"float: right; margin-right: 30%;\"><a class=\"btn_col\" href=\"\/novi\/katalozi\/PDF\/prozori_i_vrata\/TMH\/techtmh45.pdf\">Preuzmi<\/a><\/div>\n<h5>Preuzmite tehni\u010dki opis sistema<\/h5>\n<\/div>\n<div id=\"tab-3\">\n<p class=\"bwWrapper\"><img loading=\"lazy\" decoding=\"async\" src=\"https:\/\/www.tehnomarket.com\/novi\/wp-content\/uploads\/2014\/06\/tmhl301.jpg\" alt=\"vent\" width=\"298\" height=\"193\" \/><\/p>\n<p>Sistem Tehnomarket TMHL 30 predstavlja idealno re\u0161enje primenjivo na pomo\u0107nim prostorijama posebne namene, gde pored za\u0161tite od vlage, atmosferalija i produvavanja ne postoji potreba za toplotnom izolacijom. Tako\u0111e, \u0161iroku primenu nalazi svuda gde su temperature tokom godine ujedna\u010dene i ne dolazi do ve\u0107ih oscilacija. Podr\u017eane su debljine ispune od 4-9mm.<\/p>\n<p>TMHL 30 je izuzetno jednostavno re\u0161enje za elemente manjih dimenzija, gde nema potrebe za toplotnom izolacijom ni velikim dimenzijama elemenata. Pored \u010deste upotrebe na pomo\u0107nim objektima, svoju primenu nalazi i u enterijeru gde svojim elegantnim profilom nudi moderan, minimalisti\u010dki izgled pregrada i elemenata manjih dimenzija uz izuzetno malu dubinu ugradnje od svega 30mm i visinu profila od 66mm.<\/p>\n<p><center><img decoding=\"async\" src=\"https:\/\/www.tehnomarket.com\/novi\/wp-content\/uploads\/2014\/06\/tmhl30presek2.jpg\" \/><center><\/center><\/center><\/p>\n<p class=\"bwWrapper\"><img loading=\"lazy\" decoding=\"async\" src=\"https:\/\/www.tehnomarket.com\/novi\/wp-content\/uploads\/2014\/06\/tmhl30dole.jpg\" alt=\"prozorivrata\" width=\"298\" height=\"193\" \/><\/p>\n<ul>\n<li>Ekonomi\u010dan sistem.<\/li>\n<li>Puna funkcionalnost uz primenu svega 4 profila.<\/li>\n<li>Univerzalna primenjivost uz \u0161irinu krila od 30mm.<\/li>\n<\/ul>\n<p>&nbsp;<\/p>\n<div style=\"float: right; margin-right: 30%;\"><a class=\"btn_col\" href=\"\/novi\/katalozi\/PDF\/prozori_i_vrata\/TMH\/tmhl30tech.pdf\">Preuzmi<\/a><\/div>\n<h5>Preuzmite tehni\u010dki opis sistema<\/h5>\n<\/div>\n<\/div>\n<\/div>\n","protected":false},"excerpt":{"rendered":"<p>TMH serija TMH 45 TMHL 30 Tehnomarket TMH45 i TMHL30 sistemi bez prekida termo mosta predstavljaju idealna re\u0161enja za moderne enterijere, poslovne zgrade kao i objekte koji ne zahtevaju toplotnu izolaciju. Sistemi ovoga tipa imaju dominantnu primenu najpre u enterijeru, [&hellip;]<\/p>\n","protected":false},"author":4,"featured_media":0,"parent":0,"menu_order":0,"comment_status":"open","ping_status":"closed","template":"blank.php","meta":{"footnotes":""},"class_list":["post-875","page","type-page","status-publish","hentry"],"_links":{"self":[{"href":"https:\/\/tehnomarket.com\/novi\/index.php?rest_route=\/wp\/v2\/pages\/875","targetHints":{"allow":["GET"]}}],"collection":[{"href":"https:\/\/tehnomarket.com\/novi\/index.php?rest_route=\/wp\/v2\/pages"}],"about":[{"href":"https:\/\/tehnomarket.com\/novi\/index.php?rest_route=\/wp\/v2\/types\/page"}],"author":[{"embeddable":true,"href":"https:\/\/tehnomarket.com\/novi\/index.php?rest_route=\/wp\/v2\/users\/4"}],"replies":[{"embeddable":true,"href":"https:\/\/tehnomarket.com\/novi\/index.php?rest_route=%2Fwp%2Fv2%2Fcomments&post=875"}],"version-history":[{"count":7,"href":"https:\/\/tehnomarket.com\/novi\/index.php?rest_route=\/wp\/v2\/pages\/875\/revisions"}],"predecessor-version":[{"id":6837,"href":"https:\/\/tehnomarket.com\/novi\/index.php?rest_route=\/wp\/v2\/pages\/875\/revisions\/6837"}],"wp:attachment":[{"href":"https:\/\/tehnomarket.com\/novi\/index.php?rest_route=%2Fwp%2Fv2%2Fmedia&parent=875"}],"curies":[{"name":"wp","href":"https:\/\/api.w.org\/{rel}","templated":true}]}}