{"id":88,"date":"2013-02-22T19:05:34","date_gmt":"2013-02-22T19:05:34","guid":{"rendered":"http:\/\/192.168.1.4\/wordpress\/?page_id=88"},"modified":"2026-02-23T12:53:21","modified_gmt":"2026-02-23T11:53:21","slug":"profili-za-industriju-i-zanatstvo","status":"publish","type":"page","link":"https:\/\/tehnomarket.com\/novi?page_id=88","title":{"rendered":"Aluminik CS 55 ostakljene fasade"},"content":{"rendered":"<div class=\"services_option2\">\n<div id=\"tabs\">\n<ul class=\"tab_select\">\n<li><a href=\"#tab-1\">Aluminik CS55 ostakljene fasade<\/a><\/li>\n<li><a href=\"#tab-2\">Kontinualna fasada<\/a><\/li>\n<li><a href=\"#tab-3\">Strukturalna fasada<\/a><\/li>\n<li><a href=\"#tab-4\">Kombinovana fasada<\/a><\/li>\n<\/ul>\n<div id=\"tab-1\">\n<p class=\"bwWrapper\"><img loading=\"lazy\" decoding=\"async\" src=\"https:\/\/www.tehnomarket.com\/novi\/wp-content\/uploads\/2014\/07\/aluminikgore.jpg\" alt=\"prozorivrata\" width=\"298\" height=\"193\" \/><\/p>\n<p>Tehnomarket Aluminik CS55 ostakljene fasade predstavljaju optimalno, savremeno i energetski efikasno re\u0161enje koje nudi niz prednosti u odnosu na klasi\u010dne materijale i svojim performansama i estetikom zauzima va\u017eno mesto u savremenoj arhitekturi.<\/p>\n<p>Aluminik CS55 ostakljene fasade sastoje se od primarne nose\u0107e aluminijumske konstrukcije sastavljene od vertikalnih i horizontalnih profila vidljive \u0161irine 55mm, kao i staklene ispune a, u slu\u010daju kontinualnih i kombinovanih fasada, i dekorativnih aluminijumskih kapa. U zavisnosti od lokacije objekta i zahteva projekta odabiraju se odgovaraju\u0107i dvoslojni ili troslojni paketi stakla sa specificiranim tehni\u010dkim karakteristikama i koeficijentom termo provodljivosti (Ug vrednost). Pored stakla, mogu\u0107e je koristiti i bilo koji drugi odgovaraju\u0107i fasadni panel u debljinama od 6mm do 60mm, u zavisnosti od odabranog sistema.<\/p>\n<p>U zavisnosti od tipa fasade, za finalno fiksiranje staklenih panela koristi se mehani\u010dka veza uz pomo\u0107 pritisnih profila ili lepljenje specijalnim masama namenjenim za monta\u017eu strukturalnih fasadnih sistema.<\/p>\n<p><center><img decoding=\"async\" src=\"https:\/\/www.tehnomarket.com\/novi\/wp-content\/uploads\/2014\/06\/aluminiktab1.png\" \/><center><\/center><\/center><\/p>\n<p class=\"bwWrapper\"><img loading=\"lazy\" decoding=\"async\" src=\"https:\/\/www.tehnomarket.com\/novi\/wp-content\/uploads\/2014\/06\/aluminikdole.jpg\" alt=\"prozorivrata\" width=\"298\" height=\"193\" \/><\/p>\n<ul>\n<li>Osnovna sistemska \u0161irina profila od 55mm.<\/li>\n<li>U zavisnosti od sistema podr\u017eana su jednoslojna, dvoslojna i troslojna stakla i ispune \u0161irina 6 do 60mm.<\/li>\n<li>Mogu\u0107nost integracije standardnih prozora i otvorivih fasadnih polja.<\/li>\n<li>Vi\u0161e do 25 varijanti izgleda gotove fasade.<\/li>\n<\/ul>\n<p>&nbsp;<\/p>\n<div style=\"float: right; margin-right: 30%;\"><a class=\"btn_col\" href=\"https:\/\/www.tehnomarket.com\/novi\/?page_id=55\">Preuzmi<\/a><\/div>\n<h5>Preuzmite kataloge<\/h5>\n<\/div>\n<div id=\"tab-2\">\n<p class=\"bwWrapper\"><img loading=\"lazy\" decoding=\"async\" src=\"https:\/\/www.tehnomarket.com\/novi\/wp-content\/uploads\/2014\/06\/kontinualna2.png\" alt=\"prozorivrata\" width=\"298\" height=\"193\" \/><\/p>\n<p>Sistem kontinualne aluminijumske ostakljene fasade odlikuje se jasno nagla\u0161enim horizontalnim i vertikalnim profilima sa spoljne strane fasade. Vidni profili predstavljaju pritisne i pokrivne kape koje fiksiraju staklene ispune za primarnu konstrukciju fasade sa\u010dinjenu od aluminijumskih vertikalnih i horizontalnih stubova.<\/p>\n<p>Ovaj sistem nudi velike mogu\u00e6nosti kombinovanja razli\u010ditih profila kapa radi postizanja jedinstvenih efekata u zavr\u0161nom izgledu objekta. Kontinualna fasada nudi opciju kori\u0161\u0107enja dvoslojne i troslojne staklene ispune sa kojima se posti\u017eu izuzetno dobre termi\u010dke performanse koje idu do izuzetnih Ucw=0,6W\/m2K<\/p>\n<p><center><img decoding=\"async\" src=\"https:\/\/www.tehnomarket.com\/novi\/wp-content\/uploads\/2014\/07\/kontinualnapresek.png\" \/><center><\/center><\/center><\/p>\n<p class=\"bwWrapper\"><img loading=\"lazy\" decoding=\"async\" src=\"https:\/\/www.tehnomarket.com\/novi\/wp-content\/uploads\/2014\/06\/kontinualnadole1.jpg\" alt=\"prozorivrata\" width=\"298\" height=\"193\" \/><\/p>\n<ul>\n<li>izuzetne termi\u010dke performanse<\/li>\n<li>podr\u017eava dvoslojne i troslojne pakete stakla<\/li>\n<li>veliki izbor dekorativnih kapa<\/li>\n<\/ul>\n<p>&nbsp;<\/p>\n<div style=\"float: right; margin-right: 30%;\"><a class=\"btn_col\" href=\"\/novi\/katalozi\/PDF\/ostakljene_fasade\/continualtech.pdf\">Preuzmi<\/a><\/div>\n<h5>Preuzmite detaljan tehni\u010dki opis sistema<\/h5>\n<\/div>\n<div id=\"tab-3\">\n<p class=\"bwWrapper\"><img loading=\"lazy\" decoding=\"async\" src=\"https:\/\/www.tehnomarket.com\/novi\/wp-content\/uploads\/2014\/06\/strukturalna2.png\" alt=\"fasade\" width=\"298\" height=\"193\" \/><\/p>\n<p>Sistem strukturalne aluminijumske ostakljene fasade odlikuje se minimalisti\u010dkim izgledom isklju\u010divo staklene vidne povr\u0161ine fasade, bez primene spoljnih profila za fiksiranje staklenih ispuna. Stakleni paneli se pri\u010dvr\u0161\u0107uju za nose\u0107u fasadnu vertikalnu i horizontalnu aluminijumsku konstrukciju potpuno skrivenim veznim elementima. Fugne izme\u0111u stakala dodatno se ispunjavaju trajno elasti\u010dnim zaptivkama ili specijanim strukturalnim silikonima u crnoj boji.<\/p>\n<p>Na ovaj na\u010din efikasno se kombinuju unapre\u0111ena tehni\u010dka re\u0161enja fasadnih sistema poslednje generacije sa prozra\u010dnim, luksuznim izgledom koji ovaj tip ostakljene fasade nudi.<\/p>\n<p><center><img decoding=\"async\" src=\"https:\/\/www.tehnomarket.com\/novi\/wp-content\/uploads\/2014\/07\/strukturalnapresek.png\" \/><center><\/center><\/center><\/p>\n<p class=\"bwWrapper\"><img loading=\"lazy\" decoding=\"async\" src=\"https:\/\/www.tehnomarket.com\/novi\/wp-content\/uploads\/2014\/06\/strukturalnadole.jpg\" alt=\"prozorivrata\" width=\"298\" height=\"193\" \/><\/p>\n<ul>\n<li>atraktivan izgled objekta<\/li>\n<li>podr\u017eava dvoslojne i troslojne pakete stakla<\/li>\n<li>moderan dizajn<\/li>\n<\/ul>\n<p>&nbsp;<\/p>\n<div style=\"float: right; margin-right: 30%;\"><a class=\"btn_col\" href=\"\/novi\/katalozi\/PDF\/ostakljene_fasade\/structuraltech.pdf\">Preuzmi<\/a><\/div>\n<h5>Preuzmite detaljan tehni\u010dki opis sistema<\/h5>\n<\/div>\n<div id=\"tab-4\">\n<p class=\"bwWrapper\"><img loading=\"lazy\" decoding=\"async\" src=\"https:\/\/www.tehnomarket.com\/novi\/wp-content\/uploads\/2014\/06\/kombinovana2.png\" alt=\"vent\" width=\"298\" height=\"193\" \/><\/p>\n<p>Sistem kombinovane aluminijumske ostakljene fasade odlikuje se nagla\u0161enim horizontalnim profilima kapa sa spoljne strane fasade, dok po vertikali ovi profili izostaju i ustupaju mesto strukturalnom na\u010dinu fiksiranju stakala za primarnu konstrukciju. Kombinacija strukturalnog i kontinualnog sistema nudi \u0161irok spektar mogu\u0107nosti implementacije razli\u010ditih dizajnerskih re\u0161enja u cilju nagla\u0161avanja unapred odabranih linija i pravaca na fasadama.<\/p>\n<p>Uz opciju dvoslojne i troslojne staklene ispune kombinovana fasada nalazi primenu u svim segmentima moderne arhitekture, naro\u010dito u slu\u010dajevima posebnih zahteva u oblasti energetske efikasnosti i termi\u010dkih karakteristika kompletnog sistema.<\/p>\n<p><center><img decoding=\"async\" src=\"https:\/\/www.tehnomarket.com\/novi\/wp-content\/uploads\/2014\/07\/kombinovanapresek1.png\" \/><center><\/center><\/center><\/p>\n<p class=\"bwWrapper\"><img loading=\"lazy\" decoding=\"async\" src=\"https:\/\/www.tehnomarket.com\/novi\/wp-content\/uploads\/2014\/06\/kombinovanadole.jpg\" alt=\"prozorivrata\" width=\"298\" height=\"193\" \/><\/p>\n<ul>\n<li>omogu\u0107ava veliku dizajnersku slobodu<\/li>\n<li>podr\u017eava dvoslojne i troslojne pakete stakla<\/li>\n<li>visoka energetska efikasnost<\/li>\n<\/ul>\n<p>&nbsp;<\/p>\n<div style=\"float: right; margin-right: 30%;\"><a class=\"btn_col\" href=\"\/novi\/katalozi\/PDF\/ostakljene_fasade\/combinedtech.pdf\">Preuzmi<\/a><\/div>\n<h5>Preuzmite detaljan tehni\u010dki opis sistema<\/h5>\n<\/div>\n<\/div>\n<\/div>\n","protected":false},"excerpt":{"rendered":"<p>Aluminik CS55 ostakljene fasade Kontinualna fasada Strukturalna fasada Kombinovana fasada Tehnomarket Aluminik CS55 ostakljene fasade predstavljaju optimalno, savremeno i energetski efikasno re\u0161enje koje nudi niz prednosti u odnosu na klasi\u010dne materijale i svojim performansama i estetikom zauzima va\u017eno mesto u [&hellip;]<\/p>\n","protected":false},"author":4,"featured_media":0,"parent":0,"menu_order":0,"comment_status":"open","ping_status":"closed","template":"full_width.php","meta":{"footnotes":""},"class_list":["post-88","page","type-page","status-publish","hentry"],"_links":{"self":[{"href":"https:\/\/tehnomarket.com\/novi\/index.php?rest_route=\/wp\/v2\/pages\/88","targetHints":{"allow":["GET"]}}],"collection":[{"href":"https:\/\/tehnomarket.com\/novi\/index.php?rest_route=\/wp\/v2\/pages"}],"about":[{"href":"https:\/\/tehnomarket.com\/novi\/index.php?rest_route=\/wp\/v2\/types\/page"}],"author":[{"embeddable":true,"href":"https:\/\/tehnomarket.com\/novi\/index.php?rest_route=\/wp\/v2\/users\/4"}],"replies":[{"embeddable":true,"href":"https:\/\/tehnomarket.com\/novi\/index.php?rest_route=%2Fwp%2Fv2%2Fcomments&post=88"}],"version-history":[{"count":6,"href":"https:\/\/tehnomarket.com\/novi\/index.php?rest_route=\/wp\/v2\/pages\/88\/revisions"}],"predecessor-version":[{"id":6859,"href":"https:\/\/tehnomarket.com\/novi\/index.php?rest_route=\/wp\/v2\/pages\/88\/revisions\/6859"}],"wp:attachment":[{"href":"https:\/\/tehnomarket.com\/novi\/index.php?rest_route=%2Fwp%2Fv2%2Fmedia&parent=88"}],"curies":[{"name":"wp","href":"https:\/\/api.w.org\/{rel}","templated":true}]}}